{"id":766,"date":"2025-08-19T09:37:23","date_gmt":"2025-08-19T09:37:23","guid":{"rendered":"http:\/\/wp.axid-system.com\/index.php\/about\/"},"modified":"2025-10-09T15:34:55","modified_gmt":"2025-10-09T15:34:55","slug":"a-propos","status":"publish","type":"page","link":"https:\/\/wp.axid-system.com\/en\/a-propos\/","title":{"rendered":"Company"},"content":{"rendered":"\t\t<div data-elementor-type=\"wp-page\" data-elementor-id=\"766\" class=\"elementor elementor-766\">\n\t\t\t\t<div class=\"elementor-element elementor-element-d3eb459 e-flex e-con-boxed e-con e-parent\" data-id=\"d3eb459\" data-element_type=\"container\">\n\t\t\t\t\t<div class=\"e-con-inner\">\n\t\t<div class=\"elementor-element elementor-element-e9951d5 e-con-full e-flex e-con e-child\" data-id=\"e9951d5\" data-element_type=\"container\">\n\t\t\t\t<div class=\"elementor-element elementor-element-6a93dcb elementor-widget elementor-widget-heading\" data-id=\"6a93dcb\" data-element_type=\"widget\" data-widget_type=\"heading.default\">\n\t\t\t\t\t<h2 class=\"elementor-heading-title elementor-size-default\">Nos domaines d'activit\u00e9s<\/h2>\t\t\t\t<\/div>\n\t\t<div class=\"elementor-element elementor-element-2efcc8d e-con-full e-flex e-con e-child\" data-id=\"2efcc8d\" data-element_type=\"container\">\n\t\t<div class=\"elementor-element elementor-element-071e3aa e-grid e-con-full e-con e-child\" data-id=\"071e3aa\" data-element_type=\"container\">\n\t\t\t\t<div class=\"elementor-element elementor-element-012b2fa elementor-view-default elementor-widget elementor-widget-icon\" data-id=\"012b2fa\" data-element_type=\"widget\" data-widget_type=\"icon.default\">\n\t\t\t\t\t\t\t<div class=\"elementor-icon-wrapper\">\n\t\t\t<div class=\"elementor-icon\">\n\t\t\t<svg aria-hidden=\"true\" class=\"e-font-icon-svg e-fas-solar-panel\" viewBox=\"0 0 640 512\" xmlns=\"http:\/\/www.w3.org\/2000\/svg\"><path d=\"M431.98 448.01l-47.97.05V416h-128v32.21l-47.98.05c-8.82.01-15.97 7.16-15.98 15.99l-.05 31.73c-.01 8.85 7.17 16.03 16.02 16.02l223.96-.26c8.82-.01 15.97-7.16 15.98-15.98l.04-31.73c.01-8.85-7.17-16.03-16.02-16.02zM585.2 26.74C582.58 11.31 568.99 0 553.06 0H86.93C71 0 57.41 11.31 54.79 26.74-3.32 369.16.04 348.08.03 352c-.03 17.32 14.29 32 32.6 32h574.74c18.23 0 32.51-14.56 32.59-31.79.02-4.08 3.35 16.95-54.76-325.47zM259.83 64h120.33l9.77 96H250.06l9.77-96zm-75.17 256H71.09L90.1 208h105.97l-11.41 112zm16.29-160H98.24l16.29-96h96.19l-9.77 96zm32.82 160l11.4-112h149.65l11.4 112H233.77zm195.5-256h96.19l16.29 96H439.04l-9.77-96zm26.06 256l-11.4-112H549.9l19.01 112H455.33z\"><\/path><\/svg>\t\t\t<\/div>\n\t\t<\/div>\n\t\t\t\t\t\t<\/div>\n\t\t\t\t<div class=\"elementor-element elementor-element-69d5d06 elementor-widget elementor-widget-html\" data-id=\"69d5d06\" data-element_type=\"widget\" data-widget_type=\"html.default\">\n\t\t\t\t\t<div class=\"axid-img-wrap1\" id=\"axid-img-hero1\">\r\n  <a>\r\n    <img decoding=\"async\" class=\"axid-img1 lazyload\" data-src=\"https:\/\/wp.axid-system.com\/wp-content\/uploads\/2025\/10\/Logo-tableautier.webp\"\r\n         alt=\"Satellite\" draggable=\"false\" src=\"data:image\/svg+xml;base64,PHN2ZyB3aWR0aD0iMSIgaGVpZ2h0PSIxIiB4bWxucz0iaHR0cDovL3d3dy53My5vcmcvMjAwMC9zdmciPjwvc3ZnPg==\" style=\"--smush-placeholder-width: 454px; --smush-placeholder-aspect-ratio: 454\/534;\">\r\n  <\/a>\r\n<\/div>\r\n\r\n<style>\r\n  .axid-img-wrap1{\r\n    width:100%;\r\n    \/* emp\u00eache la s\u00e9lection\/clic long mobile \u00e0 l'\u00e9chelle du bloc *\/\r\n    user-select:none; -webkit-user-select:none; -ms-user-select:none;\r\n    -webkit-touch-callout:none;\r\n  }\r\n  .axid-img1{\r\n    width:18%;\r\n    height:auto;\r\n    display:block;\r\n    margin:0 auto;              \/* centre l\u2019image *\/\r\n    \/* emp\u00eache la s\u00e9lection et le drag de l\u2019image *\/\r\n    user-select:none; -webkit-user-select:none; -ms-user-select:none;\r\n    -webkit-user-drag:none;\r\n  }\r\n<\/style>\r\n\r\n<script>\r\n  (function(){\r\n    const el = document.getElementById('axid-img-hero');\r\n    if(!el) return;\r\n    \/\/ Bloque menu contextuel, s\u00e9lection, et drag\r\n    ['contextmenu','selectstart','dragstart'].forEach(evt=>{\r\n      el.addEventListener(evt, e=>e.preventDefault(), {passive:false});\r\n    });\r\n  })();\r\n<\/script>\r\n\t\t\t\t<\/div>\n\t\t\t\t<div class=\"elementor-element elementor-element-84c3fd5 elementor-view-default elementor-widget elementor-widget-icon\" data-id=\"84c3fd5\" data-element_type=\"widget\" data-widget_type=\"icon.default\">\n\t\t\t\t\t\t\t<div class=\"elementor-icon-wrapper\">\n\t\t\t<div class=\"elementor-icon\">\n\t\t\t<svg aria-hidden=\"true\" class=\"e-font-icon-svg e-fas-charging-station\" viewBox=\"0 0 576 512\" xmlns=\"http:\/\/www.w3.org\/2000\/svg\"><path d=\"M336 448H16c-8.84 0-16 7.16-16 16v32c0 8.84 7.16 16 16 16h320c8.84 0 16-7.16 16-16v-32c0-8.84-7.16-16-16-16zm208-320V80c0-8.84-7.16-16-16-16s-16 7.16-16 16v48h-32V80c0-8.84-7.16-16-16-16s-16 7.16-16 16v48h-16c-8.84 0-16 7.16-16 16v32c0 35.76 23.62 65.69 56 75.93v118.49c0 13.95-9.5 26.92-23.26 29.19C431.22 402.5 416 388.99 416 372v-28c0-48.6-39.4-88-88-88h-8V64c0-35.35-28.65-64-64-64H96C60.65 0 32 28.65 32 64v352h288V304h8c22.09 0 40 17.91 40 40v24.61c0 39.67 28.92 75.16 68.41 79.01C481.71 452.05 520 416.41 520 372V251.93c32.38-10.24 56-40.17 56-75.93v-32c0-8.84-7.16-16-16-16h-16zm-283.91 47.76l-93.7 139c-2.2 3.33-6.21 5.24-10.39 5.24-7.67 0-13.47-6.28-11.67-12.92L167.35 224H108c-7.25 0-12.85-5.59-11.89-11.89l16-107C112.9 99.9 117.98 96 124 96h68c7.88 0 13.62 6.54 11.6 13.21L192 160h57.7c9.24 0 15.01 8.78 10.39 15.76z\"><\/path><\/svg>\t\t\t<\/div>\n\t\t<\/div>\n\t\t\t\t\t\t<\/div>\n\t\t\t\t<div class=\"elementor-element elementor-element-5832c37 elementor-view-default elementor-widget elementor-widget-icon\" data-id=\"5832c37\" data-element_type=\"widget\" data-widget_type=\"icon.default\">\n\t\t\t\t\t\t\t<div class=\"elementor-icon-wrapper\">\n\t\t\t<div class=\"elementor-icon\">\n\t\t\t<svg aria-hidden=\"true\" class=\"e-font-icon-svg e-fas-plug\" viewBox=\"0 0 384 512\" xmlns=\"http:\/\/www.w3.org\/2000\/svg\"><path d=\"M320,32a32,32,0,0,0-64,0v96h64Zm48,128H16A16,16,0,0,0,0,176v32a16,16,0,0,0,16,16H32v32A160.07,160.07,0,0,0,160,412.8V512h64V412.8A160.07,160.07,0,0,0,352,256V224h16a16,16,0,0,0,16-16V176A16,16,0,0,0,368,160ZM128,32a32,32,0,0,0-64,0v96h64Z\"><\/path><\/svg>\t\t\t<\/div>\n\t\t<\/div>\n\t\t\t\t\t\t<\/div>\n\t\t\t\t<\/div>\n\t\t\t\t<\/div>\n\t\t\t\t<\/div>\n\t\t\t\t\t<\/div>\n\t\t\t\t<\/div>\n\t\t<div class=\"elementor-element elementor-element-f25ff50 e-flex e-con-boxed e-con e-parent\" data-id=\"f25ff50\" data-element_type=\"container\" data-settings=\"{&quot;background_background&quot;:&quot;classic&quot;}\">\n\t\t\t\t\t<div class=\"e-con-inner\">\n\t\t\t\t<div class=\"elementor-element elementor-element-1e735c8 elementor-widget elementor-widget-heading\" data-id=\"1e735c8\" data-element_type=\"widget\" data-widget_type=\"heading.default\">\n\t\t\t\t\t<span class=\"elementor-heading-title elementor-size-default\">Notre histoire<\/span>\t\t\t\t<\/div>\n\t\t\t\t<div class=\"elementor-element elementor-element-110f370 elementor-widget-divider--view-line elementor-widget elementor-widget-divider\" data-id=\"110f370\" data-element_type=\"widget\" data-widget_type=\"divider.default\">\n\t\t\t\t\t\t\t<div class=\"elementor-divider\">\n\t\t\t<span class=\"elementor-divider-separator\">\n\t\t\t\t\t\t<\/span>\n\t\t<\/div>\n\t\t\t\t\t\t<\/div>\n\t\t\t\t<div class=\"elementor-element elementor-element-cc22a24 elementor-widget elementor-widget-heading\" data-id=\"cc22a24\" data-element_type=\"widget\" data-widget_type=\"heading.default\">\n\t\t\t\t\t<h2 class=\"elementor-heading-title elementor-size-default\">GS ELEC, des experts passionn\u00e9s d\u2019\u00e9lectricit\u00e9 et de solaire au c\u0153ur des Alpes-de-Haute-Provence<\/h2>\t\t\t\t<\/div>\n\t\t\t\t<div class=\"elementor-element elementor-element-be464db elementor-widget-divider--view-line elementor-widget elementor-widget-divider\" data-id=\"be464db\" data-element_type=\"widget\" data-widget_type=\"divider.default\">\n\t\t\t\t\t\t\t<div class=\"elementor-divider\">\n\t\t\t<span class=\"elementor-divider-separator\">\n\t\t\t\t\t\t<\/span>\n\t\t<\/div>\n\t\t\t\t\t\t<\/div>\n\t\t\t\t<div class=\"elementor-element elementor-element-de36234 elementor-widget elementor-widget-heading\" data-id=\"de36234\" data-element_type=\"widget\" data-widget_type=\"heading.default\">\n\t\t\t\t\t<h3 class=\"elementor-heading-title elementor-size-default\">Notre priorit\u00e9 : proposer des solutions durables et performantes, aussi bien dans le domaine \u00e9lectrique que solaire, en s\u00e9lectionnant des produits fiables et haut de gamme.<\/h3>\t\t\t\t<\/div>\n\t\t\t\t\t<\/div>\n\t\t\t\t<\/div>\n\t\t<div class=\"elementor-element elementor-element-d27c51c e-flex e-con-boxed e-con e-parent\" data-id=\"d27c51c\" data-element_type=\"container\" data-settings=\"{&quot;background_background&quot;:&quot;classic&quot;}\">\n\t\t\t\t\t<div class=\"e-con-inner\">\n\t\t<div class=\"elementor-element elementor-element-fc1f186 e-con-full e-flex e-con e-child\" data-id=\"fc1f186\" data-element_type=\"container\" data-settings=\"{&quot;background_background&quot;:&quot;classic&quot;}\">\n\t\t<div class=\"elementor-element elementor-element-e6b30b9 e-con-full e-flex e-con e-child\" data-id=\"e6b30b9\" data-element_type=\"container\">\n\t\t\t\t<div class=\"elementor-element elementor-element-0771883 elementor-widget elementor-widget-icon-box\" data-id=\"0771883\" data-element_type=\"widget\" data-widget_type=\"icon-box.default\">\n\t\t\t\t\t\t\t<div class=\"elementor-icon-box-wrapper\">\n\n\t\t\t\n\t\t\t\t\t\t<div class=\"elementor-icon-box-content\">\n\n\t\t\t\t\n\t\t\t\t\t\t\t\t\t<p class=\"elementor-icon-box-description\">\n\t\t\t\t\t\t<p data-start=\"197\" data-end=\"973\">Depuis plus de 25 ans, GS ELEC est implant\u00e9e au c\u0153ur des Alpes-de-Haute-Provence, sur la commune d\u2019Entrevaux.<\/p><p data-start=\"197\" data-end=\"973\">Entreprise locale et fi\u00e8re de ses racines, nous participons activement au d\u00e9veloppement du photovolta\u00efque dans notre r\u00e9gion.<\/p><p data-start=\"197\" data-end=\"973\"><span style=\"font-size: 1rem\">&nbsp;<\/span><\/p>\n\n \t\t\t\t\t<\/p>\n\t\t\t\t\n\t\t\t<\/div>\n\t\t\t\n\t\t<\/div>\n\t\t\t\t\t\t<\/div>\n\t\t\t\t<\/div>\n\t\t<div class=\"elementor-element elementor-element-33830ad e-con-full e-flex e-con e-child\" data-id=\"33830ad\" data-element_type=\"container\">\n\t\t\t\t<div class=\"elementor-element elementor-element-b05c71b elementor-widget elementor-widget-image\" data-id=\"b05c71b\" data-element_type=\"widget\" data-widget_type=\"image.default\">\n\t\t\t\t\t\t\t\t\t\t\t\t\t\t\t<img fetchpriority=\"high\" decoding=\"async\" width=\"300\" height=\"173\" src=\"https:\/\/wp.axid-system.com\/wp-content\/uploads\/2025\/10\/entrevaux-300x173.webp\" class=\"attachment-medium size-medium wp-image-3444 not-transparent\" alt=\"\" srcset=\"https:\/\/wp.axid-system.com\/wp-content\/uploads\/2025\/10\/entrevaux-300x173.webp 300w, https:\/\/wp.axid-system.com\/wp-content\/uploads\/2025\/10\/entrevaux-18x10.webp 18w, https:\/\/wp.axid-system.com\/wp-content\/uploads\/2025\/10\/entrevaux.webp 724w\" sizes=\"(max-width: 300px) 100vw, 300px\" data-has-transparency=\"false\" data-dominant-color=\"647159\" style=\"--dominant-color: #647159\" \/>\t\t\t\t\t\t\t\t\t\t\t\t\t\t\t<\/div>\n\t\t\t\t<\/div>\n\t\t\t\t<\/div>\n\t\t\t\t\t<\/div>\n\t\t\t\t<\/div>\n\t\t<div class=\"elementor-element elementor-element-0f140fd e-flex e-con-boxed e-con e-parent\" data-id=\"0f140fd\" data-element_type=\"container\" data-settings=\"{&quot;background_background&quot;:&quot;classic&quot;}\">\n\t\t\t\t\t<div class=\"e-con-inner\">\n\t\t<div class=\"elementor-element elementor-element-1fbcd2d e-con-full e-flex e-con e-child\" data-id=\"1fbcd2d\" data-element_type=\"container\" data-settings=\"{&quot;background_background&quot;:&quot;classic&quot;}\">\n\t\t<div class=\"elementor-element elementor-element-3fe6065 e-con-full e-flex e-con e-child\" data-id=\"3fe6065\" data-element_type=\"container\">\n\t\t\t\t<div class=\"elementor-element elementor-element-877e274 elementor-widget elementor-widget-heading\" data-id=\"877e274\" data-element_type=\"widget\" data-widget_type=\"heading.default\">\n\t\t\t\t\t<span class=\"elementor-heading-title elementor-size-default\">\u00c0 propos de nous<\/span>\t\t\t\t<\/div>\n\t\t\t\t<div class=\"elementor-element elementor-element-a7dfd63 elementor-widget elementor-widget-icon-box\" data-id=\"a7dfd63\" data-element_type=\"widget\" data-widget_type=\"icon-box.default\">\n\t\t\t\t\t\t\t<div class=\"elementor-icon-box-wrapper\">\n\n\t\t\t\n\t\t\t\t\t\t<div class=\"elementor-icon-box-content\">\n\n\t\t\t\t\n\t\t\t\t\t\t\t\t\t<p class=\"elementor-icon-box-description\">\n\t\t\t\t\t\tDerri\u00e8re GS ELEC c'est une \u00e9quipe \u00e0 taille humaine : S\u00e9bastien GUIBERT et Cl\u00e9ment D'AUTHIER.\n\nS\u00e9bastien a derri\u00e8re lui 25 ans d\u2019exp\u00e9rience en \u00e9lectricit\u00e9, dont 15 ann\u00e9es dans le solaire.\nCl\u00e9ment, issu d\u2019une famille d\u2019experts du photovolta\u00efque, perp\u00e9tue ce savoir-faire.\t\t\t\t\t<\/p>\n\t\t\t\t\n\t\t\t<\/div>\n\t\t\t\n\t\t<\/div>\n\t\t\t\t\t\t<\/div>\n\t\t\t\t<\/div>\n\t\t<div class=\"elementor-element elementor-element-ac3e354 e-con-full e-flex e-con e-child\" data-id=\"ac3e354\" data-element_type=\"container\">\n\t\t\t\t<div class=\"elementor-element elementor-element-c42fb38 elementor-widget elementor-widget-image\" data-id=\"c42fb38\" data-element_type=\"widget\" data-widget_type=\"image.default\">\n\t\t\t\t\t\t\t\t\t\t\t\t\t\t\t<img decoding=\"async\" width=\"2160\" height=\"2160\" data-src=\"https:\/\/wp.axid-system.com\/wp-content\/uploads\/2025\/10\/20211120_124008.webp\" class=\"attachment-full size-full wp-image-3443 not-transparent lazyload\" alt=\"\" data-srcset=\"https:\/\/wp.axid-system.com\/wp-content\/uploads\/2025\/10\/20211120_124008.webp 2160w, https:\/\/wp.axid-system.com\/wp-content\/uploads\/2025\/10\/20211120_124008-300x300.webp 300w, https:\/\/wp.axid-system.com\/wp-content\/uploads\/2025\/10\/20211120_124008-1024x1024.webp 1024w, https:\/\/wp.axid-system.com\/wp-content\/uploads\/2025\/10\/20211120_124008-150x150.webp 150w, https:\/\/wp.axid-system.com\/wp-content\/uploads\/2025\/10\/20211120_124008-768x768.webp 768w, https:\/\/wp.axid-system.com\/wp-content\/uploads\/2025\/10\/20211120_124008-1536x1536.webp 1536w, https:\/\/wp.axid-system.com\/wp-content\/uploads\/2025\/10\/20211120_124008-2048x2048.webp 2048w, https:\/\/wp.axid-system.com\/wp-content\/uploads\/2025\/10\/20211120_124008-12x12.webp 12w\" data-sizes=\"(max-width: 2160px) 100vw, 2160px\" data-has-transparency=\"false\" data-dominant-color=\"50545b\" style=\"--smush-placeholder-width: 2160px; --smush-placeholder-aspect-ratio: 2160\/2160;--dominant-color: #50545b\" src=\"data:image\/svg+xml;base64,PHN2ZyB3aWR0aD0iMSIgaGVpZ2h0PSIxIiB4bWxucz0iaHR0cDovL3d3dy53My5vcmcvMjAwMC9zdmciPjwvc3ZnPg==\" \/>\t\t\t\t\t\t\t\t\t\t\t\t\t\t\t<\/div>\n\t\t\t\t<\/div>\n\t\t\t\t<\/div>\n\t\t\t\t\t<\/div>\n\t\t\t\t<\/div>\n\t\t<div class=\"elementor-element elementor-element-04deb97 e-flex e-con-boxed e-con e-parent\" data-id=\"04deb97\" data-element_type=\"container\" data-settings=\"{&quot;background_background&quot;:&quot;classic&quot;}\">\n\t\t\t\t\t<div class=\"e-con-inner\">\n\t\t<div class=\"elementor-element elementor-element-47f21ae e-con-full e-flex e-con e-child\" data-id=\"47f21ae\" data-element_type=\"container\" data-settings=\"{&quot;background_background&quot;:&quot;classic&quot;}\">\n\t\t<div class=\"elementor-element elementor-element-ef29a75 e-con-full e-flex e-con e-child\" data-id=\"ef29a75\" data-element_type=\"container\">\n\t\t\t\t<div class=\"elementor-element elementor-element-c6d914d elementor-widget elementor-widget-icon-box\" data-id=\"c6d914d\" data-element_type=\"widget\" data-widget_type=\"icon-box.default\">\n\t\t\t\t\t\t\t<div class=\"elementor-icon-box-wrapper\">\n\n\t\t\t\n\t\t\t\t\t\t<div class=\"elementor-icon-box-content\">\n\n\t\t\t\t\n\t\t\t\t\t\t\t\t\t<p class=\"elementor-icon-box-description\">\n\t\t\t\t\t\tNous faisons le choix de travailler localement, avec des fournisseurs de proximit\u00e9.\n\nNotre fournisseur principal est bas\u00e9 dans les Alpes-Maritimes, afin de garantir r\u00e9activit\u00e9, confiance et qualit\u00e9.\t\t\t\t\t<\/p>\n\t\t\t\t\n\t\t\t<\/div>\n\t\t\t\n\t\t<\/div>\n\t\t\t\t\t\t<\/div>\n\t\t\t\t<\/div>\n\t\t<div class=\"elementor-element elementor-element-4014ced e-con-full e-flex e-con e-child\" data-id=\"4014ced\" data-element_type=\"container\">\n\t\t\t\t<div class=\"elementor-element elementor-element-a4faca4 elementor-widget elementor-widget-image\" data-id=\"a4faca4\" data-element_type=\"widget\" data-widget_type=\"image.default\">\n\t\t\t\t\t\t\t\t\t\t\t\t\t\t\t<img decoding=\"async\" width=\"300\" height=\"180\" data-src=\"https:\/\/wp.axid-system.com\/wp-content\/uploads\/2025\/10\/IMAGE-ACCUEIL-300x180.webp\" class=\"attachment-medium size-medium wp-image-3485 not-transparent lazyload\" alt=\"\" data-srcset=\"https:\/\/wp.axid-system.com\/wp-content\/uploads\/2025\/10\/IMAGE-ACCUEIL-300x180.webp 300w, https:\/\/wp.axid-system.com\/wp-content\/uploads\/2025\/10\/IMAGE-ACCUEIL-1024x614.webp 1024w, https:\/\/wp.axid-system.com\/wp-content\/uploads\/2025\/10\/IMAGE-ACCUEIL-768x461.webp 768w, https:\/\/wp.axid-system.com\/wp-content\/uploads\/2025\/10\/IMAGE-ACCUEIL-1536x922.webp 1536w, https:\/\/wp.axid-system.com\/wp-content\/uploads\/2025\/10\/IMAGE-ACCUEIL-18x12.webp 18w, https:\/\/wp.axid-system.com\/wp-content\/uploads\/2025\/10\/IMAGE-ACCUEIL.webp 2000w\" data-sizes=\"(max-width: 300px) 100vw, 300px\" data-has-transparency=\"false\" data-dominant-color=\"787b6c\" style=\"--smush-placeholder-width: 300px; --smush-placeholder-aspect-ratio: 300\/180;--dominant-color: #787b6c\" src=\"data:image\/svg+xml;base64,PHN2ZyB3aWR0aD0iMSIgaGVpZ2h0PSIxIiB4bWxucz0iaHR0cDovL3d3dy53My5vcmcvMjAwMC9zdmciPjwvc3ZnPg==\" \/>\t\t\t\t\t\t\t\t\t\t\t\t\t\t\t<\/div>\n\t\t\t\t<\/div>\n\t\t\t\t<\/div>\n\t\t\t\t\t<\/div>\n\t\t\t\t<\/div>\n\t\t\t\t<\/div>\n\t\t","protected":false},"excerpt":{"rendered":"<p>Nos domaines d&rsquo;activit\u00e9s Notre histoire GS ELEC, des experts passionn\u00e9s d\u2019\u00e9lectricit\u00e9 et de solaire au c\u0153ur des Alpes-de-Haute-Provence Notre priorit\u00e9 [&hellip;]<\/p>\n","protected":false},"author":1,"featured_media":0,"parent":0,"menu_order":0,"comment_status":"closed","ping_status":"closed","template":"","meta":{"site-sidebar-layout":"no-sidebar","site-content-layout":"page-builder","ast-site-content-layout":"full-width-container","site-content-style":"unboxed","site-sidebar-style":"unboxed","ast-global-header-display":"","ast-banner-title-visibility":"","ast-main-header-display":"","ast-hfb-above-header-display":"","ast-hfb-below-header-display":"","ast-hfb-mobile-header-display":"","site-post-title":"disabled","ast-breadcrumbs-content":"","ast-featured-img":"disabled","footer-sml-layout":"","ast-disable-related-posts":"","theme-transparent-header-meta":"","adv-header-id-meta":"","stick-header-meta":"","header-above-stick-meta":"","header-main-stick-meta":"","header-below-stick-meta":"","astra-migrate-meta-layouts":"set","ast-page-background-enabled":"default","ast-page-background-meta":{"desktop":{"background-color":"var(--ast-global-color-4)","background-image":"","background-repeat":"repeat","background-position":"center center","background-size":"auto","background-attachment":"scroll","background-type":"","background-media":"","overlay-type":"","overlay-color":"","overlay-opacity":"","overlay-gradient":""},"tablet":{"background-color":"","background-image":"","background-repeat":"repeat","background-position":"center center","background-size":"auto","background-attachment":"scroll","background-type":"","background-media":"","overlay-type":"","overlay-color":"","overlay-opacity":"","overlay-gradient":""},"mobile":{"background-color":"","background-image":"","background-repeat":"repeat","background-position":"center center","background-size":"auto","background-attachment":"scroll","background-type":"","background-media":"","overlay-type":"","overlay-color":"","overlay-opacity":"","overlay-gradient":""}},"ast-content-background-meta":{"desktop":{"background-color":"var(--ast-global-color-5)","background-image":"","background-repeat":"repeat","background-position":"center center","background-size":"auto","background-attachment":"scroll","background-type":"","background-media":"","overlay-type":"","overlay-color":"","overlay-opacity":"","overlay-gradient":""},"tablet":{"background-color":"var(--ast-global-color-5)","background-image":"","background-repeat":"repeat","background-position":"center center","background-size":"auto","background-attachment":"scroll","background-type":"","background-media":"","overlay-type":"","overlay-color":"","overlay-opacity":"","overlay-gradient":""},"mobile":{"background-color":"var(--ast-global-color-5)","background-image":"","background-repeat":"repeat","background-position":"center center","background-size":"auto","background-attachment":"scroll","background-type":"","background-media":"","overlay-type":"","overlay-color":"","overlay-opacity":"","overlay-gradient":""}},"footnotes":""},"class_list":["post-766","page","type-page","status-publish","hentry"],"_links":{"self":[{"href":"https:\/\/wp.axid-system.com\/en\/wp-json\/wp\/v2\/pages\/766","targetHints":{"allow":["GET"]}}],"collection":[{"href":"https:\/\/wp.axid-system.com\/en\/wp-json\/wp\/v2\/pages"}],"about":[{"href":"https:\/\/wp.axid-system.com\/en\/wp-json\/wp\/v2\/types\/page"}],"author":[{"embeddable":true,"href":"https:\/\/wp.axid-system.com\/en\/wp-json\/wp\/v2\/users\/1"}],"replies":[{"embeddable":true,"href":"https:\/\/wp.axid-system.com\/en\/wp-json\/wp\/v2\/comments?post=766"}],"version-history":[{"count":132,"href":"https:\/\/wp.axid-system.com\/en\/wp-json\/wp\/v2\/pages\/766\/revisions"}],"predecessor-version":[{"id":3488,"href":"https:\/\/wp.axid-system.com\/en\/wp-json\/wp\/v2\/pages\/766\/revisions\/3488"}],"wp:attachment":[{"href":"https:\/\/wp.axid-system.com\/en\/wp-json\/wp\/v2\/media?parent=766"}],"curies":[{"name":"wp","href":"https:\/\/api.w.org\/{rel}","templated":true}]}}