{"id":765,"date":"2025-08-19T09:37:23","date_gmt":"2025-08-19T09:37:23","guid":{"rendered":"http:\/\/wp.axid-system.com\/index.php\/services\/"},"modified":"2025-11-21T09:18:39","modified_gmt":"2025-11-21T09:18:39","slug":"services","status":"publish","type":"page","link":"https:\/\/wp.axid-system.com\/en\/services\/","title":{"rendered":"Photovolta\u00efque"},"content":{"rendered":"<div data-elementor-type=\"wp-page\" data-elementor-id=\"765\" class=\"elementor elementor-765\">\n\t\t\t\t<div class=\"elementor-element elementor-element-fdf5c0f e-flex e-con-boxed e-con e-parent\" data-id=\"fdf5c0f\" data-element_type=\"container\">\n\t\t\t\t\t<div class=\"e-con-inner\">\n\t\t<div class=\"elementor-element elementor-element-8433d8a e-con-full e-flex e-con e-child\" data-id=\"8433d8a\" data-element_type=\"container\">\n\t\t\t\t<div class=\"elementor-element elementor-element-d022c15 elementor-widget elementor-widget-heading\" data-id=\"d022c15\" data-element_type=\"widget\" data-widget_type=\"heading.default\">\n\t\t\t\t\t<span class=\"elementor-heading-title elementor-size-default\">Discover our full range of services<\/span>\t\t\t\t<\/div>\n\t\t\t\t<div class=\"elementor-element elementor-element-2858142 elementor-widget elementor-widget-heading\" data-id=\"2858142\" data-element_type=\"widget\" data-widget_type=\"heading.default\">\n\t\t\t\t\t<h1 class=\"elementor-heading-title elementor-size-default\">Installateurs de panneaux photovolta\u00efques <br>de 0 \u00e0 500 kWc<\/h1>\t\t\t\t<\/div>\n\t\t\t\t<div class=\"elementor-element elementor-element-c59f3bb elementor-widget elementor-widget-heading\" data-id=\"c59f3bb\" data-element_type=\"widget\" data-widget_type=\"heading.default\">\n\t\t\t\t\t<h2 class=\"elementor-heading-title elementor-size-default\">(Qualifi\u00e9s RGE)<\/h2>\t\t\t\t<\/div>\n\t\t<div class=\"elementor-element elementor-element-cf9dbc1 e-con-full e-flex e-con e-child\" data-id=\"cf9dbc1\" data-element_type=\"container\">\n\t\t\t\t<\/div>\n\t\t\t\t<div class=\"elementor-element elementor-element-e4fdf4e elementor-widget elementor-widget-image\" data-id=\"e4fdf4e\" data-element_type=\"widget\" data-widget_type=\"image.default\">\n\t\t\t\t\t\t\t\t\t\t\t\t\t\t\t<img fetchpriority=\"high\" decoding=\"async\" width=\"300\" height=\"197\" src=\"https:\/\/wp.axid-system.com\/wp-content\/uploads\/2025\/10\/logo-QualiPV-2025-RGE-300x197.webp\" class=\"attachment-medium size-medium wp-image-3085 not-transparent\" alt=\"\" srcset=\"https:\/\/wp.axid-system.com\/wp-content\/uploads\/2025\/10\/logo-QualiPV-2025-RGE-300x197.webp 300w, https:\/\/wp.axid-system.com\/wp-content\/uploads\/2025\/10\/logo-QualiPV-2025-RGE-1024x672.webp 1024w, https:\/\/wp.axid-system.com\/wp-content\/uploads\/2025\/10\/logo-QualiPV-2025-RGE-768x504.webp 768w, https:\/\/wp.axid-system.com\/wp-content\/uploads\/2025\/10\/logo-QualiPV-2025-RGE-18x12.webp 18w, https:\/\/wp.axid-system.com\/wp-content\/uploads\/2025\/10\/logo-QualiPV-2025-RGE.webp 1076w\" sizes=\"(max-width: 300px) 100vw, 300px\" data-has-transparency=\"false\" data-dominant-color=\"b4b9c0\" style=\"--dominant-color: #b4b9c0\" \/>\t\t\t\t\t\t\t\t\t\t\t\t\t\t\t<\/div>\n\t\t\t\t<\/div>\n\t\t<div class=\"elementor-element elementor-element-132b3bb e-con-full e-flex e-con e-child\" data-id=\"132b3bb\" data-element_type=\"container\">\n\t\t\t\t<div class=\"elementor-element elementor-element-322a77c elementor-widget elementor-widget-image\" data-id=\"322a77c\" data-element_type=\"widget\" data-widget_type=\"image.default\">\n\t\t\t\t\t\t\t\t\t\t\t\t\t\t\t<img decoding=\"async\" width=\"2560\" height=\"1706\" data-src=\"https:\/\/wp.axid-system.com\/wp-content\/uploads\/2025\/10\/panneaux-solaires-scaled.webp\" class=\"attachment-full size-full wp-image-3086 not-transparent lazyload\" alt=\"\" data-srcset=\"https:\/\/wp.axid-system.com\/wp-content\/uploads\/2025\/10\/panneaux-solaires-scaled.webp 2560w, https:\/\/wp.axid-system.com\/wp-content\/uploads\/2025\/10\/panneaux-solaires-300x200.webp 300w, https:\/\/wp.axid-system.com\/wp-content\/uploads\/2025\/10\/panneaux-solaires-1024x683.webp 1024w, https:\/\/wp.axid-system.com\/wp-content\/uploads\/2025\/10\/panneaux-solaires-768x512.webp 768w, https:\/\/wp.axid-system.com\/wp-content\/uploads\/2025\/10\/panneaux-solaires-1536x1024.webp 1536w, https:\/\/wp.axid-system.com\/wp-content\/uploads\/2025\/10\/panneaux-solaires-2048x1365.webp 2048w, https:\/\/wp.axid-system.com\/wp-content\/uploads\/2025\/10\/panneaux-solaires-18x12.webp 18w\" data-sizes=\"(max-width: 2560px) 100vw, 2560px\" data-has-transparency=\"false\" data-dominant-color=\"696063\" style=\"--smush-placeholder-width: 2560px; --smush-placeholder-aspect-ratio: 2560\/1706;--dominant-color: #696063\" src=\"data:image\/svg+xml;base64,PHN2ZyB3aWR0aD0iMSIgaGVpZ2h0PSIxIiB4bWxucz0iaHR0cDovL3d3dy53My5vcmcvMjAwMC9zdmciPjwvc3ZnPg==\" \/>\t\t\t\t\t\t\t\t\t\t\t\t\t\t\t<\/div>\n\t\t\t\t<\/div>\n\t\t\t\t\t<\/div>\n\t\t\t\t<\/div>\n\t\t<div class=\"elementor-element elementor-element-e328882 e-grid e-con-boxed e-con e-parent\" data-id=\"e328882\" data-element_type=\"container\" data-settings=\"{&quot;background_background&quot;:&quot;classic&quot;}\">\n\t\t\t\t\t<div class=\"e-con-inner\">\n\t\t<div class=\"elementor-element elementor-element-6cd6341 e-con-full e-flex e-con e-child\" data-id=\"6cd6341\" data-element_type=\"container\">\n\t\t\t\t<div class=\"elementor-element elementor-element-8769b53 elementor-widget elementor-widget-heading\" data-id=\"8769b53\" data-element_type=\"widget\" data-widget_type=\"heading.default\">\n\t\t\t\t\t<span class=\"elementor-heading-title elementor-size-default\">01<\/span>\t\t\t\t<\/div>\n\t\t\t\t<div class=\"elementor-element elementor-element-669cdbc elementor-widget__width-initial elementor-widget elementor-widget-icon-box\" data-id=\"669cdbc\" data-element_type=\"widget\" data-widget_type=\"icon-box.default\">\n\t\t\t\t\t\t\t<div class=\"elementor-icon-box-wrapper\">\n\n\t\t\t\n\t\t\t\t\t\t<div class=\"elementor-icon-box-content\">\n\n\t\t\t\t\t\t\t\t\t<h3 class=\"elementor-icon-box-title\">\n\t\t\t\t\t\t<span  >\n\t\t\t\t\t\t\t\u00c9tude personnalis\u00e9e\t\t\t\t\t\t<\/span>\n\t\t\t\t\t<\/h3>\n\t\t\t\t\n\t\t\t\t\t\t\t\t\t<p class=\"elementor-icon-box-description\">\n\t\t\t\t\t\tNous sommes sp\u00e9cialis\u00e9s dans le photovolta\u00efque depuis 15 ans \nNous vous proposons une \u00e9tude de votre projet, et une conception sur mesure adapt\u00e9e \u00e0 vos besoins.\nNous vous proposons une analyse approfondie de votre consommation pour dimensionner pr\u00e9cis\u00e9ment votre installation.\t\t\t\t\t<\/p>\n\t\t\t\t\n\t\t\t<\/div>\n\t\t\t\n\t\t<\/div>\n\t\t\t\t\t\t<\/div>\n\t\t\t\t<\/div>\n\t\t<div class=\"elementor-element elementor-element-fb4f07d e-con-full e-flex e-con e-child\" data-id=\"fb4f07d\" data-element_type=\"container\">\n\t\t\t\t<div class=\"elementor-element elementor-element-2d27b77 elementor-widget elementor-widget-heading\" data-id=\"2d27b77\" data-element_type=\"widget\" data-widget_type=\"heading.default\">\n\t\t\t\t\t<span class=\"elementor-heading-title elementor-size-default\">02<\/span>\t\t\t\t<\/div>\n\t\t\t\t<div class=\"elementor-element elementor-element-37f82bc elementor-widget elementor-widget-icon-box\" data-id=\"37f82bc\" data-element_type=\"widget\" data-widget_type=\"icon-box.default\">\n\t\t\t\t\t\t\t<div class=\"elementor-icon-box-wrapper\">\n\n\t\t\t\n\t\t\t\t\t\t<div class=\"elementor-icon-box-content\">\n\n\t\t\t\t\t\t\t\t\t<h3 class=\"elementor-icon-box-title\">\n\t\t\t\t\t\t<span  >\n\t\t\t\t\t\t\tDossiers administratifs\t\t\t\t\t\t<\/span>\n\t\t\t\t\t<\/h3>\n\t\t\t\t\n\t\t\t\t\t\t\t\t\t<p class=\"elementor-icon-box-description\">\n\t\t\t\t\t\tNous vous proposons une aide administrative dans la gestion de vos projets. Nous vous accompagnons dans les d\u00e9marches de raccordement au r\u00e9seau.<br><br><br>\t\t\t\t\t<\/p>\n\t\t\t\t\n\t\t\t<\/div>\n\t\t\t\n\t\t<\/div>\n\t\t\t\t\t\t<\/div>\n\t\t\t\t<\/div>\n\t\t<div class=\"elementor-element elementor-element-125e775 e-con-full e-flex e-con e-child\" data-id=\"125e775\" data-element_type=\"container\">\n\t\t\t\t<div class=\"elementor-element elementor-element-3dca7a8 elementor-widget elementor-widget-heading\" data-id=\"3dca7a8\" data-element_type=\"widget\" data-widget_type=\"heading.default\">\n\t\t\t\t\t<span class=\"elementor-heading-title elementor-size-default\">03<\/span>\t\t\t\t<\/div>\n\t\t\t\t<div class=\"elementor-element elementor-element-387dc42 elementor-widget elementor-widget-icon-box\" data-id=\"387dc42\" data-element_type=\"widget\" data-widget_type=\"icon-box.default\">\n\t\t\t\t\t\t\t<div class=\"elementor-icon-box-wrapper\">\n\n\t\t\t\n\t\t\t\t\t\t<div class=\"elementor-icon-box-content\">\n\n\t\t\t\t\t\t\t\t\t<h3 class=\"elementor-icon-box-title\">\n\t\t\t\t\t\t<span  >\n\t\t\t\t\t\t\tContrat de maintenance\t\t\t\t\t\t<\/span>\n\t\t\t\t\t<\/h3>\n\t\t\t\t\n\t\t\t\t\t\t\t\t\t<p class=\"elementor-icon-box-description\">\n\t\t\t\t\t\tThe industrialization of your products is essential to ensure their success on the market. We manage series production and quality control, providing all the necessary technical documentation for a smooth transition to manufacturing.\t\t\t\t\t<\/p>\n\t\t\t\t\n\t\t\t<\/div>\n\t\t\t\n\t\t<\/div>\n\t\t\t\t\t\t<\/div>\n\t\t\t\t<\/div>\n\t\t<div class=\"elementor-element elementor-element-3c3282e e-con-full e-flex e-con e-child\" data-id=\"3c3282e\" data-element_type=\"container\">\n\t\t\t\t<div class=\"elementor-element elementor-element-2c76b19 elementor-widget elementor-widget-image\" data-id=\"2c76b19\" data-element_type=\"widget\" data-widget_type=\"image.default\">\n\t\t\t\t\t\t\t\t\t\t\t\t\t\t\t<img decoding=\"async\" width=\"566\" height=\"431\" data-src=\"https:\/\/wp.axid-system.com\/wp-content\/uploads\/2025\/08\/ingenieur_original.jpg\" class=\"attachment-large size-large wp-image-37 lazyload\" alt=\"\" data-srcset=\"https:\/\/wp.axid-system.com\/wp-content\/uploads\/2025\/08\/ingenieur_original.jpg 566w, https:\/\/wp.axid-system.com\/wp-content\/uploads\/2025\/08\/ingenieur_original-300x228.jpg 300w, https:\/\/wp.axid-system.com\/wp-content\/uploads\/2025\/08\/elementor\/thumbs\/ingenieur_original-rah9g7mfx5vrdjn7j0wk5ggglgn5jybz2brtkgmne2.jpg 400w\" data-sizes=\"(max-width: 566px) 100vw, 566px\" src=\"data:image\/svg+xml;base64,PHN2ZyB3aWR0aD0iMSIgaGVpZ2h0PSIxIiB4bWxucz0iaHR0cDovL3d3dy53My5vcmcvMjAwMC9zdmciPjwvc3ZnPg==\" style=\"--smush-placeholder-width: 566px; --smush-placeholder-aspect-ratio: 566\/431;\" \/>\t\t\t\t\t\t\t\t\t\t\t\t\t\t\t<\/div>\n\t\t\t\t<\/div>\n\t\t<div class=\"elementor-element elementor-element-26f97a1 e-con-full e-flex e-con e-child\" data-id=\"26f97a1\" data-element_type=\"container\">\n\t\t\t\t<div class=\"elementor-element elementor-element-a2f4117 elementor-widget elementor-widget-image\" data-id=\"a2f4117\" data-element_type=\"widget\" data-widget_type=\"image.default\">\n\t\t\t\t\t\t\t\t\t\t\t\t\t\t\t<img loading=\"lazy\" decoding=\"async\" width=\"300\" height=\"190\" src=\"https:\/\/wp.axid-system.com\/wp-content\/uploads\/2025\/10\/administratif-panneaux-photovoltaiques.avif\" class=\"attachment-medium size-medium wp-image-3198\" alt=\"\" \/>\t\t\t\t\t\t\t\t\t\t\t\t\t\t\t<\/div>\n\t\t\t\t<\/div>\n\t\t<div class=\"elementor-element elementor-element-ca4e80f e-con-full e-flex e-con e-child\" data-id=\"ca4e80f\" data-element_type=\"container\">\n\t\t\t\t<div class=\"elementor-element elementor-element-224957a elementor-widget elementor-widget-image\" data-id=\"224957a\" data-element_type=\"widget\" data-widget_type=\"image.default\">\n\t\t\t\t\t\t\t\t\t\t\t\t\t\t\t<img decoding=\"async\" width=\"720\" height=\"350\" data-src=\"https:\/\/wp.axid-system.com\/wp-content\/uploads\/2025\/10\/administratif-panneaux-solaires.webp\" class=\"attachment-large size-large wp-image-3192 not-transparent lazyload\" alt=\"\" data-srcset=\"https:\/\/wp.axid-system.com\/wp-content\/uploads\/2025\/10\/administratif-panneaux-solaires.webp 720w, https:\/\/wp.axid-system.com\/wp-content\/uploads\/2025\/10\/administratif-panneaux-solaires-300x146.webp 300w, https:\/\/wp.axid-system.com\/wp-content\/uploads\/2025\/10\/administratif-panneaux-solaires-18x9.webp 18w\" data-sizes=\"(max-width: 720px) 100vw, 720px\" data-has-transparency=\"false\" data-dominant-color=\"727479\" style=\"--smush-placeholder-width: 720px; --smush-placeholder-aspect-ratio: 720\/350;--dominant-color: #727479\" src=\"data:image\/svg+xml;base64,PHN2ZyB3aWR0aD0iMSIgaGVpZ2h0PSIxIiB4bWxucz0iaHR0cDovL3d3dy53My5vcmcvMjAwMC9zdmciPjwvc3ZnPg==\" \/>\t\t\t\t\t\t\t\t\t\t\t\t\t\t\t<\/div>\n\t\t\t\t<\/div>\n\t\t\t\t\t<\/div>\n\t\t\t\t<\/div>\n\t\t<div class=\"elementor-element elementor-element-60228a8 e-flex e-con-boxed e-con e-parent\" data-id=\"60228a8\" data-element_type=\"container\" data-settings=\"{&quot;background_background&quot;:&quot;classic&quot;}\">\n\t\t\t\t\t<div class=\"e-con-inner\">\n\t\t\t\t<div class=\"elementor-element elementor-element-ed24eb2 elementor-widget elementor-widget-spacer\" data-id=\"ed24eb2\" data-element_type=\"widget\" data-widget_type=\"spacer.default\">\n\t\t\t\t\t\t\t<div class=\"elementor-spacer\">\n\t\t\t<div class=\"elementor-spacer-inner\"><\/div>\n\t\t<\/div>\n\t\t\t\t\t\t<\/div>\n\t\t\t\t<div class=\"elementor-element elementor-element-f59a0dd elementor-widget-divider--view-line elementor-widget elementor-widget-divider\" data-id=\"f59a0dd\" data-element_type=\"widget\" data-widget_type=\"divider.default\">\n\t\t\t\t\t\t\t<div class=\"elementor-divider\">\n\t\t\t<span class=\"elementor-divider-separator\">\n\t\t\t\t\t\t<\/span>\n\t\t<\/div>\n\t\t\t\t\t\t<\/div>\n\t\t<div class=\"elementor-element elementor-element-226f433 e-con-full e-flex e-con e-child\" data-id=\"226f433\" data-element_type=\"container\">\n\t\t\t\t<div class=\"elementor-element elementor-element-624e4d1 elementor-widget__width-initial elementor-widget elementor-widget-icon-box\" data-id=\"624e4d1\" data-element_type=\"widget\" data-widget_type=\"icon-box.default\">\n\t\t\t\t\t\t\t<div class=\"elementor-icon-box-wrapper\">\n\n\t\t\t\n\t\t\t\t\t\t<div class=\"elementor-icon-box-content\">\n\n\t\t\t\t\t\t\t\t\t<h3 class=\"elementor-icon-box-title\">\n\t\t\t\t\t\t<span  >\n\t\t\t\t\t\t\tFast services for your urgent needs\t\t\t\t\t\t<\/span>\n\t\t\t\t\t<\/h3>\n\t\t\t\t\n\t\t\t\t\n\t\t\t<\/div>\n\t\t\t\n\t\t<\/div>\n\t\t\t\t\t\t<\/div>\n\t\t\t\t<\/div>\n\t\t\t\t\t<\/div>\n\t\t\t\t<\/div>\n\t\t<div class=\"elementor-element elementor-element-c461a01 e-flex e-con-boxed e-con e-parent\" data-id=\"c461a01\" data-element_type=\"container\" data-settings=\"{&quot;background_background&quot;:&quot;classic&quot;}\">\n\t\t\t\t\t<div class=\"e-con-inner\">\n\t\t<div class=\"elementor-element elementor-element-e48c08d e-con-full e-flex e-con e-child\" data-id=\"e48c08d\" data-element_type=\"container\" data-settings=\"{&quot;background_background&quot;:&quot;classic&quot;}\">\n\t\t\t\t<div class=\"elementor-element elementor-element-fe33a7b elementor-widget elementor-widget-heading\" data-id=\"fe33a7b\" data-element_type=\"widget\" data-widget_type=\"heading.default\">\n\t\t\t\t\t<span class=\"elementor-heading-title elementor-size-default\">Ready to get started?<\/span>\t\t\t\t<\/div>\n\t\t\t\t<div class=\"elementor-element elementor-element-2ec1ea6 elementor-widget elementor-widget-icon-box\" data-id=\"2ec1ea6\" data-element_type=\"widget\" data-widget_type=\"icon-box.default\">\n\t\t\t\t\t\t\t<div class=\"elementor-icon-box-wrapper\">\n\n\t\t\t\n\t\t\t\t\t\t<div class=\"elementor-icon-box-content\">\n\n\t\t\t\t\t\t\t\t\t<h3 class=\"elementor-icon-box-title\">\n\t\t\t\t\t\t<span  >\n\t\t\t\t\t\t\tContactez-nous pour \u00e9changer sur vos projets photovolta\u00efques.\t\t\t\t\t\t<\/span>\n\t\t\t\t\t<\/h3>\n\t\t\t\t\n\t\t\t\t\n\t\t\t<\/div>\n\t\t\t\n\t\t<\/div>\n\t\t\t\t\t\t<\/div>\n\t\t\t\t<\/div>\n\t\t\t\t\t<\/div>\n\t\t\t\t<\/div>\n\t\t<div class=\"elementor-element elementor-element-362f876 e-flex e-con-boxed e-con e-parent\" data-id=\"362f876\" data-element_type=\"container\">\n\t\t\t\t\t<div class=\"e-con-inner\">\n\t\t\t\t\t<\/div>\n\t\t\t\t<\/div>\n\t\t\t\t<\/div>","protected":false},"excerpt":{"rendered":"<p>D\u00e9couvrez notre gamme compl\u00e8te de services Installateurs de panneaux photovolta\u00efques de 0 \u00e0 500 kWc (Qualifi\u00e9s RGE) 01 \u00c9tude personnalis\u00e9e [&hellip;]<\/p>\n","protected":false},"author":1,"featured_media":0,"parent":0,"menu_order":0,"comment_status":"closed","ping_status":"closed","template":"","meta":{"site-sidebar-layout":"no-sidebar","site-content-layout":"page-builder","ast-site-content-layout":"full-width-container","site-content-style":"unboxed","site-sidebar-style":"unboxed","ast-global-header-display":"","ast-banner-title-visibility":"","ast-main-header-display":"","ast-hfb-above-header-display":"","ast-hfb-below-header-display":"","ast-hfb-mobile-header-display":"","site-post-title":"disabled","ast-breadcrumbs-content":"","ast-featured-img":"disabled","footer-sml-layout":"","ast-disable-related-posts":"","theme-transparent-header-meta":"","adv-header-id-meta":"","stick-header-meta":"","header-above-stick-meta":"","header-main-stick-meta":"","header-below-stick-meta":"","astra-migrate-meta-layouts":"set","ast-page-background-enabled":"default","ast-page-background-meta":{"desktop":{"background-color":"var(--ast-global-color-4)","background-image":"","background-repeat":"repeat","background-position":"center center","background-size":"auto","background-attachment":"scroll","background-type":"","background-media":"","overlay-type":"","overlay-color":"","overlay-opacity":"","overlay-gradient":""},"tablet":{"background-color":"","background-image":"","background-repeat":"repeat","background-position":"center center","background-size":"auto","background-attachment":"scroll","background-type":"","background-media":"","overlay-type":"","overlay-color":"","overlay-opacity":"","overlay-gradient":""},"mobile":{"background-color":"","background-image":"","background-repeat":"repeat","background-position":"center center","background-size":"auto","background-attachment":"scroll","background-type":"","background-media":"","overlay-type":"","overlay-color":"","overlay-opacity":"","overlay-gradient":""}},"ast-content-background-meta":{"desktop":{"background-color":"var(--ast-global-color-5)","background-image":"","background-repeat":"repeat","background-position":"center center","background-size":"auto","background-attachment":"scroll","background-type":"","background-media":"","overlay-type":"","overlay-color":"","overlay-opacity":"","overlay-gradient":""},"tablet":{"background-color":"var(--ast-global-color-5)","background-image":"","background-repeat":"repeat","background-position":"center center","background-size":"auto","background-attachment":"scroll","background-type":"","background-media":"","overlay-type":"","overlay-color":"","overlay-opacity":"","overlay-gradient":""},"mobile":{"background-color":"var(--ast-global-color-5)","background-image":"","background-repeat":"repeat","background-position":"center center","background-size":"auto","background-attachment":"scroll","background-type":"","background-media":"","overlay-type":"","overlay-color":"","overlay-opacity":"","overlay-gradient":""}},"footnotes":""},"class_list":["post-765","page","type-page","status-publish","hentry"],"_links":{"self":[{"href":"https:\/\/wp.axid-system.com\/en\/wp-json\/wp\/v2\/pages\/765","targetHints":{"allow":["GET"]}}],"collection":[{"href":"https:\/\/wp.axid-system.com\/en\/wp-json\/wp\/v2\/pages"}],"about":[{"href":"https:\/\/wp.axid-system.com\/en\/wp-json\/wp\/v2\/types\/page"}],"author":[{"embeddable":true,"href":"https:\/\/wp.axid-system.com\/en\/wp-json\/wp\/v2\/users\/1"}],"replies":[{"embeddable":true,"href":"https:\/\/wp.axid-system.com\/en\/wp-json\/wp\/v2\/comments?post=765"}],"version-history":[{"count":163,"href":"https:\/\/wp.axid-system.com\/en\/wp-json\/wp\/v2\/pages\/765\/revisions"}],"predecessor-version":[{"id":3724,"href":"https:\/\/wp.axid-system.com\/en\/wp-json\/wp\/v2\/pages\/765\/revisions\/3724"}],"wp:attachment":[{"href":"https:\/\/wp.axid-system.com\/en\/wp-json\/wp\/v2\/media?parent=765"}],"curies":[{"name":"wp","href":"https:\/\/api.w.org\/{rel}","templated":true}]}}