{"id":764,"date":"2025-08-19T09:37:23","date_gmt":"2025-08-19T09:37:23","guid":{"rendered":"http:\/\/wp.axid-system.com\/index.php\/home\/"},"modified":"2025-11-21T15:16:44","modified_gmt":"2025-11-21T15:16:44","slug":"accueil","status":"publish","type":"page","link":"https:\/\/wp.axid-system.com\/en\/","title":{"rendered":"Home"},"content":{"rendered":"\t\t<div data-elementor-type=\"wp-page\" data-elementor-id=\"764\" class=\"elementor elementor-764\">\n\t\t\t\t<div class=\"elementor-element elementor-element-9a5d53c e-flex e-con-boxed e-con e-parent\" data-id=\"9a5d53c\" data-element_type=\"container\">\n\t\t\t\t\t<div class=\"e-con-inner\">\n\t\t<div class=\"elementor-element elementor-element-2eb621d e-grid e-con-boxed e-con e-child\" data-id=\"2eb621d\" data-element_type=\"container\" data-settings=\"{&quot;background_background&quot;:&quot;slideshow&quot;,&quot;background_slideshow_gallery&quot;:[{&quot;id&quot;:3626,&quot;url&quot;:&quot;https:\\\/\\\/wp.axid-system.com\\\/wp-content\\\/uploads\\\/2025\\\/11\\\/energie-photovoltaique-826x459-1.webp&quot;},{&quot;id&quot;:3627,&quot;url&quot;:&quot;https:\\\/\\\/wp.axid-system.com\\\/wp-content\\\/uploads\\\/2025\\\/11\\\/Industrie-Hangar.webp&quot;},{&quot;id&quot;:3648,&quot;url&quot;:&quot;https:\\\/\\\/wp.axid-system.com\\\/wp-content\\\/uploads\\\/2025\\\/11\\\/DSC_0200-1-scaled.webp&quot;},{&quot;id&quot;:3646,&quot;url&quot;:&quot;https:\\\/\\\/wp.axid-system.com\\\/wp-content\\\/uploads\\\/2025\\\/11\\\/ATELIER-1-scaled.webp&quot;}],&quot;background_slideshow_loop&quot;:&quot;yes&quot;,&quot;background_slideshow_slide_duration&quot;:5000,&quot;background_slideshow_slide_transition&quot;:&quot;fade&quot;,&quot;background_slideshow_transition_duration&quot;:500}\">\n\t\t\t\t\t<div class=\"e-con-inner\">\n\t\t\t\t\t<\/div>\n\t\t\t\t<\/div>\n\t\t<div class=\"elementor-element elementor-element-dca2b63 e-flex e-con-boxed e-con e-child\" data-id=\"dca2b63\" data-element_type=\"container\">\n\t\t\t\t\t<div class=\"e-con-inner\">\n\t\t\t\t<div class=\"elementor-element elementor-element-11b4009 elementor-widget-divider--view-line elementor-widget elementor-widget-divider\" data-id=\"11b4009\" data-element_type=\"widget\" data-widget_type=\"divider.default\">\n\t\t\t\t\t\t\t<div class=\"elementor-divider\">\n\t\t\t<span class=\"elementor-divider-separator\">\n\t\t\t\t\t\t<\/span>\n\t\t<\/div>\n\t\t\t\t\t\t<\/div>\n\t\t\t\t<div class=\"elementor-element elementor-element-402c14f elementor-widget elementor-widget-spacer\" data-id=\"402c14f\" data-element_type=\"widget\" data-widget_type=\"spacer.default\">\n\t\t\t\t\t\t\t<div class=\"elementor-spacer\">\n\t\t\t<div class=\"elementor-spacer-inner\"><\/div>\n\t\t<\/div>\n\t\t\t\t\t\t<\/div>\n\t\t\t\t<div class=\"elementor-element elementor-element-c67ac05 elementor-widget elementor-widget-heading\" data-id=\"c67ac05\" data-element_type=\"widget\" data-widget_type=\"heading.default\">\n\t\t\t\t\t<h2 class=\"elementor-heading-title elementor-size-default\"><h2 class=\"elementor-heading-title elementor-size-default elementor-inline-editing pen\" data-elementor-setting-key=\"title\" data-pen-placeholder=\"\u00c9crivez ici...\" style=\"font-style: normal;text-align: center\">\u00c9lectriciens  \/ Tableautier <\/h2><br><h2 class=\"elementor-heading-title elementor-size-default elementor-inline-editing pen\" data-elementor-setting-key=\"title\" data-pen-placeholder=\"\u00c9crivez ici...\" style=\"font-style: normal;text-align: center\">Sp\u00e9cialistes en Electricit\u00e9 Industrielle et Photovolta\u00efque<span style=\"font-size: 2.5rem\"><\/span><\/h2><\/h2>\t\t\t\t<\/div>\n\t\t\t\t<div class=\"elementor-element elementor-element-4f08d1e elementor-widget elementor-widget-text-editor\" data-id=\"4f08d1e\" data-element_type=\"widget\" data-widget_type=\"text-editor.default\">\n\t\t\t\t\t\t\t\t\t<h4>A votre service depuis 25 ans<\/h4>\t\t\t\t\t\t\t\t<\/div>\n\t\t\t\t<div class=\"elementor-element elementor-element-77bc73a elementor-widget-divider--view-line elementor-widget elementor-widget-divider\" data-id=\"77bc73a\" data-element_type=\"widget\" data-widget_type=\"divider.default\">\n\t\t\t\t\t\t\t<div class=\"elementor-divider\">\n\t\t\t<span class=\"elementor-divider-separator\">\n\t\t\t\t\t\t<\/span>\n\t\t<\/div>\n\t\t\t\t\t\t<\/div>\n\t\t\t\t<div class=\"elementor-element elementor-element-4752830 elementor-widget elementor-widget-spacer\" data-id=\"4752830\" data-element_type=\"widget\" data-widget_type=\"spacer.default\">\n\t\t\t\t\t\t\t<div class=\"elementor-spacer\">\n\t\t\t<div class=\"elementor-spacer-inner\"><\/div>\n\t\t<\/div>\n\t\t\t\t\t\t<\/div>\n\t\t<div class=\"elementor-element elementor-element-48f5a36 e-con-full e-flex e-con e-child\" data-id=\"48f5a36\" data-element_type=\"container\" data-settings=\"{&quot;background_background&quot;:&quot;classic&quot;}\">\n\t\t<div class=\"elementor-element elementor-element-c265f88 e-con-full e-flex e-con e-child\" data-id=\"c265f88\" data-element_type=\"container\">\n\t\t\t\t<div class=\"elementor-element elementor-element-2adc0a9 elementor-widget elementor-widget-icon-box\" data-id=\"2adc0a9\" data-element_type=\"widget\" data-widget_type=\"icon-box.default\">\n\t\t\t\t\t\t\t<div class=\"elementor-icon-box-wrapper\">\n\n\t\t\t\n\t\t\t\t\t\t<div class=\"elementor-icon-box-content\">\n\n\t\t\t\t\t\t\t\t\t<h2 class=\"elementor-icon-box-title\">\n\t\t\t\t\t\t<span  >\n\t\t\t\t\t\t\tNos domaines d'intervention\t\t\t\t\t\t<\/span>\n\t\t\t\t\t<\/h2>\n\t\t\t\t\n\t\t\t\t\t\t\t\t\t<p class=\"elementor-icon-box-description\">\n\t\t\t\t\t\tD\u00e9couvrez notre gamme compl\u00e8te de services, adapt\u00e9s \u00e0 vos besoins en \u00e9lectricit\u00e9 , photovolta\u00efque ,tableautier et bancs de test\t\t\t\t\t<\/p>\n\t\t\t\t\n\t\t\t<\/div>\n\t\t\t\n\t\t<\/div>\n\t\t\t\t\t\t<\/div>\n\t\t\t\t<div class=\"elementor-element elementor-element-a805df1 elementor-widget elementor-widget-button\" data-id=\"a805df1\" data-element_type=\"widget\" data-widget_type=\"button.default\">\n\t\t\t\t\t\t\t\t\t\t<a class=\"elementor-button elementor-button-link elementor-size-sm\" href=\"\/services\/\">\n\t\t\t\t\t\t<span class=\"elementor-button-content-wrapper\">\n\t\t\t\t\t\t\t\t\t<span class=\"elementor-button-text\">Tous les services<\/span>\n\t\t\t\t\t<\/span>\n\t\t\t\t\t<\/a>\n\t\t\t\t\t\t\t\t<\/div>\n\t\t\t\t<div class=\"elementor-element elementor-element-57b108b elementor-widget__width-initial elementor-widget elementor-widget-image\" data-id=\"57b108b\" data-element_type=\"widget\" data-widget_type=\"image.default\">\n\t\t\t\t\t\t\t\t\t\t\t\t\t\t\t<img fetchpriority=\"high\" decoding=\"async\" width=\"1024\" height=\"683\" src=\"https:\/\/wp.axid-system.com\/wp-content\/uploads\/2025\/11\/DSC_0200-1024x683.webp\" class=\"attachment-large size-large wp-image-3634 not-transparent\" alt=\"\" srcset=\"https:\/\/wp.axid-system.com\/wp-content\/uploads\/2025\/11\/DSC_0200-1024x683.webp 1024w, https:\/\/wp.axid-system.com\/wp-content\/uploads\/2025\/11\/DSC_0200-300x200.webp 300w, https:\/\/wp.axid-system.com\/wp-content\/uploads\/2025\/11\/DSC_0200-768x512.webp 768w, https:\/\/wp.axid-system.com\/wp-content\/uploads\/2025\/11\/DSC_0200-1536x1024.webp 1536w, https:\/\/wp.axid-system.com\/wp-content\/uploads\/2025\/11\/DSC_0200-2048x1365.webp 2048w, https:\/\/wp.axid-system.com\/wp-content\/uploads\/2025\/11\/DSC_0200-18x12.webp 18w\" sizes=\"(max-width: 1024px) 100vw, 1024px\" data-has-transparency=\"false\" data-dominant-color=\"41464d\" style=\"--dominant-color: #41464d\" \/>\t\t\t\t\t\t\t\t\t\t\t\t\t\t\t<\/div>\n\t\t\t\t<\/div>\n\t\t<div class=\"elementor-element elementor-element-c56d4e4 e-con-full e-flex e-con e-child\" data-id=\"c56d4e4\" data-element_type=\"container\">\n\t\t<div class=\"elementor-element elementor-element-6d30da3 e-con-full e-flex e-con e-child\" data-id=\"6d30da3\" data-element_type=\"container\" data-settings=\"{&quot;background_background&quot;:&quot;classic&quot;}\">\n\t\t\t\t<div class=\"elementor-element elementor-element-ba52116 elementor-widget elementor-widget-icon-box\" data-id=\"ba52116\" data-element_type=\"widget\" data-widget_type=\"icon-box.default\">\n\t\t\t\t\t\t\t<div class=\"elementor-icon-box-wrapper\">\n\n\t\t\t\n\t\t\t\t\t\t<div class=\"elementor-icon-box-content\">\n\n\t\t\t\t\t\t\t\t\t<h3 class=\"elementor-icon-box-title\">\n\t\t\t\t\t\t<span  >\n\t\t\t\t\t\t\tPhotovolta\u00efque\t\t\t\t\t\t<\/span>\n\t\t\t\t\t<\/h3>\n\t\t\t\t\n\t\t\t\t\t\t\t\t\t<p class=\"elementor-icon-box-description\">\n\t\t\t\t\t\t- Autoconsommation\n- Revente de surplus\n- Revente totale\n- Stockage batterie\n- Site isol\u00e9\t\t\t\t\t<\/p>\n\t\t\t\t\n\t\t\t<\/div>\n\t\t\t\n\t\t<\/div>\n\t\t\t\t\t\t<\/div>\n\t\t\t\t<\/div>\n\t\t<div class=\"elementor-element elementor-element-dfdc596 e-con-full e-flex e-con e-child\" data-id=\"dfdc596\" data-element_type=\"container\" data-settings=\"{&quot;background_background&quot;:&quot;classic&quot;}\">\n\t\t\t\t<div class=\"elementor-element elementor-element-258333d elementor-widget elementor-widget-icon-box\" data-id=\"258333d\" data-element_type=\"widget\" data-widget_type=\"icon-box.default\">\n\t\t\t\t\t\t\t<div class=\"elementor-icon-box-wrapper\">\n\n\t\t\t\n\t\t\t\t\t\t<div class=\"elementor-icon-box-content\">\n\n\t\t\t\t\t\t\t\t\t<h3 class=\"elementor-icon-box-title\">\n\t\t\t\t\t\t<span  >\n\t\t\t\t\t\t\tElectricit\u00e9 Industrielle\t\t\t\t\t\t<\/span>\n\t\t\t\t\t<\/h3>\n\t\t\t\t\n\t\t\t\t\t\t\t\t\t<p class=\"elementor-icon-box-description\">\n\t\t\t\t\t\tNous r\u00e9alisons des installations \u00e9lectriques industrielles :<br>Tarif bleu \/ Tarif jaune \/ Tarif vert \t\t\t\t\t<\/p>\n\t\t\t\t\n\t\t\t<\/div>\n\t\t\t\n\t\t<\/div>\n\t\t\t\t\t\t<\/div>\n\t\t\t\t<\/div>\n\t\t<div class=\"elementor-element elementor-element-1b28c11 e-con-full e-flex e-con e-child\" data-id=\"1b28c11\" data-element_type=\"container\" data-settings=\"{&quot;background_background&quot;:&quot;classic&quot;}\">\n\t\t\t\t<div class=\"elementor-element elementor-element-7c6318b elementor-widget elementor-widget-icon-box\" data-id=\"7c6318b\" data-element_type=\"widget\" data-widget_type=\"icon-box.default\">\n\t\t\t\t\t\t\t<div class=\"elementor-icon-box-wrapper\">\n\n\t\t\t\n\t\t\t\t\t\t<div class=\"elementor-icon-box-content\">\n\n\t\t\t\t\t\t\t\t\t<h3 class=\"elementor-icon-box-title\">\n\t\t\t\t\t\t<span  >\n\t\t\t\t\t\t\tTableautier\t\t\t\t\t\t<\/span>\n\t\t\t\t\t<\/h3>\n\t\t\t\t\n\t\t\t\t\t\t\t\t\t<p class=\"elementor-icon-box-description\">\n\t\t\t\t\t\t- Jusqu'a 3200A<br>- Int\u00e9gration en Container<br>- Nous assurons la production de petites et moyennes s\u00e9ries, le suivi qualit\u00e9 et la documentation technique pour un passage en production r\u00e9ussi. Pour les grandes s\u00e9ries, nous accompagnons la mise en production chez votre EMS.\t\t\t\t\t<\/p>\n\t\t\t\t\n\t\t\t<\/div>\n\t\t\t\n\t\t<\/div>\n\t\t\t\t\t\t<\/div>\n\t\t\t\t<\/div>\n\t\t<div class=\"elementor-element elementor-element-4956f99 e-con-full e-flex e-con e-child\" data-id=\"4956f99\" data-element_type=\"container\" data-settings=\"{&quot;background_background&quot;:&quot;classic&quot;}\">\n\t\t\t\t<div class=\"elementor-element elementor-element-3577a9e elementor-widget elementor-widget-icon-box\" data-id=\"3577a9e\" data-element_type=\"widget\" data-widget_type=\"icon-box.default\">\n\t\t\t\t\t\t\t<div class=\"elementor-icon-box-wrapper\">\n\n\t\t\t\n\t\t\t\t\t\t<div class=\"elementor-icon-box-content\">\n\n\t\t\t\t\t\t\t\t\t<h3 class=\"elementor-icon-box-title\">\n\t\t\t\t\t\t<span  >\n\t\t\t\t\t\t\tBancs de Test\t\t\t\t\t\t<\/span>\n\t\t\t\t\t<\/h3>\n\t\t\t\t\n\t\t\t\t\t\t\t\t\t<p class=\"elementor-icon-box-description\">\n\t\t\t\t\t\tNous fabriquons les prototypes (max 200kW) et effectuons des tests rigoureux au sein de notre laboratoire d'\u00e9lectronique de puissance pour garantir la fiabilit\u00e9 et la performance de vos produits.\t\t\t\t\t<\/p>\n\t\t\t\t\n\t\t\t<\/div>\n\t\t\t\n\t\t<\/div>\n\t\t\t\t\t\t<\/div>\n\t\t\t\t<\/div>\n\t\t\t\t<\/div>\n\t\t\t\t<\/div>\n\t\t\t\t<div class=\"elementor-element elementor-element-380b344 elementor-widget elementor-widget-spacer\" data-id=\"380b344\" data-element_type=\"widget\" data-widget_type=\"spacer.default\">\n\t\t\t\t\t\t\t<div class=\"elementor-spacer\">\n\t\t\t<div class=\"elementor-spacer-inner\"><\/div>\n\t\t<\/div>\n\t\t\t\t\t\t<\/div>\n\t\t\t\t\t<\/div>\n\t\t\t\t<\/div>\n\t\t\t\t\t<\/div>\n\t\t\t\t<\/div>\n\t\t<div class=\"elementor-element elementor-element-5f6d78e e-flex e-con-boxed e-con e-parent\" data-id=\"5f6d78e\" data-element_type=\"container\">\n\t\t\t\t\t<div class=\"e-con-inner\">\n\t\t<div class=\"elementor-element elementor-element-28077fb e-con-full e-flex e-con e-child\" data-id=\"28077fb\" data-element_type=\"container\">\n\t\t\t\t<div class=\"elementor-element elementor-element-a5386c7 elementor-widget-divider--view-line_text elementor-widget-divider--element-align-center elementor-widget elementor-widget-divider\" data-id=\"a5386c7\" data-element_type=\"widget\" data-widget_type=\"divider.default\">\n\t\t\t\t\t\t\t<div class=\"elementor-divider\">\n\t\t\t<span class=\"elementor-divider-separator\">\n\t\t\t\t\t\t\t<h6 class=\"elementor-divider__text elementor-divider__element\">\n\t\t\t\tIls nous ont fait confiance\t\t\t\t<\/h6>\n\t\t\t\t\t\t<\/span>\n\t\t<\/div>\n\t\t\t\t\t\t<\/div>\n\t\t<div class=\"elementor-element elementor-element-3c2a02d e-con-full e-flex e-con e-child\" data-id=\"3c2a02d\" data-element_type=\"container\">\n\t\t\t\t<div class=\"elementor-element elementor-element-256a2c1 elementor-widget elementor-widget-html\" data-id=\"256a2c1\" data-element_type=\"widget\" data-widget_type=\"html.default\">\n\t\t\t\t\t<div id=\"client-marquee\" style=\"--speed:120;\">\r\n  <div class=\"track\"><div class=\"logos\">\r\n    <!-- Ajoute width\/height + anti-lazy + priorit\u00e9 -->\r\n    \r\n    <img fetchpriority=\"high\" src=\"https:\/\/wp.axid-system.com\/wp-content\/uploads\/2025\/10\/bresh.webp\" alt=\"Axid\" width=\"200\" height=\"80\" loading=\"eager\" fetchpriority=\"high\" decoding=\"async\" data-no-lazy=\"1\">\r\n    \r\n    <img fetchpriority=\"high\" src=\"https:\/\/wp.axid-system.com\/wp-content\/uploads\/2025\/10\/cropped-Logo_Axid.webp\" alt=\"Axid\" width=\"200\" height=\"80\" loading=\"eager\" fetchpriority=\"high\" decoding=\"async\" data-no-lazy=\"1\">\r\n    \r\n    <img fetchpriority=\"high\" src=\"https:\/\/wp.axid-system.com\/wp-content\/uploads\/2025\/10\/LOGO-AXUN-2015_compress-bordure-scaled.webp\" alt=\"Axun\" width=\"200\" height=\"80\" loading=\"eager\" fetchpriority=\"high\" decoding=\"async\" data-no-lazy=\"1\">\r\n\r\n    <img fetchpriority=\"high\" src=\"https:\/\/axid-system.com\/wp-content\/uploads\/2025\/08\/Colas_logo_vector-scaled.png\" alt=\"Colas\" width=\"200\" height=\"80\" loading=\"eager\" fetchpriority=\"high\" decoding=\"async\" data-no-lazy=\"1\">\r\n\r\n     <img fetchpriority=\"high\" src=\"https:\/\/axid-system.com\/wp-content\/uploads\/2025\/08\/Topsoe_Logo-1.webp\" alt=\"Topsoe\" width=\"200\" height=\"80\" loading=\"eager\" fetchpriority=\"high\" decoding=\"async\" data-no-lazy=\"1\">\r\n\r\n\r\n  <\/div><\/div>\r\n<\/div>\r\n\r\n<style>\r\n#client-marquee{position:relative;overflow:hidden;width:100%;padding:16px 0;background:#fff}\r\n#client-marquee .track{display:flex;align-items:center;gap:0;width:max-content;will-change:transform;animation:scroll var(--dur,40s) linear infinite}\r\n#client-marquee .logos{display:flex;align-items:center;gap:64px;white-space:nowrap;width:max-content;flex-shrink:0}\r\n#client-marquee img{display:inline-block;vertical-align:middle;height:80px;width:auto;object-fit:contain;filter:grayscale(100%);opacity:.8;transition:filter .2s,opacity .2s,transform .2s;content-visibility:auto;contain-intrinsic-size:80px 160px}\r\n#client-marquee img:hover{filter:none;opacity:1;transform:scale(1.05)}\r\n#client-marquee:hover .track{animation-play-state:paused}\r\n@keyframes scroll{from{transform:translate3d(0,0,0)}to{transform:translate3d(calc(-1 * var(--setW,1000px)),0,0)}}\r\n@media (max-width:768px){#client-marquee .logos{gap:40px} #client-marquee img{height:60px}}\r\n@media (prefers-reduced-motion:reduce){#client-marquee .track{animation:none}}\r\n\/* Masque la piste tant que pas pr\u00eat (\u00e9vite le \u201ctrou\u201d visuel) *\/\r\n#client-marquee:not(.is-ready) .track{visibility:hidden}\r\n<\/style>\r\n\r\n<!-- Pr\u00e9chargement navigateur -->\r\n<link rel=\"preload\" as=\"image\" href=\"https:\/\/axid-system.com\/wp-content\/uploads\/2025\/08\/Logo-Renault-scaled.png\" fetchpriority=\"high\">\r\n<link rel=\"preload\" as=\"image\" href=\"https:\/\/axid-system.com\/wp-content\/uploads\/2025\/08\/logo-shark-L1200.png\" fetchpriority=\"high\">\r\n<link rel=\"preload\" as=\"image\" href=\"https:\/\/axid-system.com\/wp-content\/uploads\/2025\/08\/logo-rotronics-flat-min.png\" fetchpriority=\"high\">\r\n\r\n<script>\r\n\/* Marquee robuste : pr\u00e9charge, clone la s\u00e9rie, calcule largeur & dur\u00e9e (px\/s) *\/\r\n(function(){\r\n  const root  = document.getElementById('client-marquee');\r\n  if(!root) return;\r\n  const track = root.querySelector('.track');\r\n  const set   = root.querySelector('.logos');\r\n  if(!track || !set) return;\r\n\r\n  \/\/ 1) Pr\u00e9charger toutes les images (bypass lazy-load plugins)\r\n  const urls = Array.from(set.querySelectorAll('img')).map(i => i.currentSrc || i.src);\r\n  Promise.all(urls.map(src => new Promise(res=>{\r\n    const im = new Image(); im.decoding = 'async';\r\n    im.onload = im.onerror = res; im.src = src;\r\n  }))).then(start);\r\n\r\n  function start(){\r\n    \/\/ 2) Clone strict pour boucle parfaite\r\n    const clone = set.cloneNode(true);\r\n    clone.setAttribute('aria-hidden','true');\r\n    track.appendChild(clone);\r\n\r\n    recalc();              \/\/ 3) premi\u00e8re mesure\r\n    root.classList.add('is-ready'); \/\/ affiche la piste\r\n\r\n    \/\/ 4) recalculs sur resize \/ fonts\r\n    let t; window.addEventListener('resize', ()=>{ clearTimeout(t); t=setTimeout(recalc,150); });\r\n    if(document.fonts && document.fonts.ready){ document.fonts.ready.then(recalc); }\r\n  }\r\n\r\n  function recalc(){\r\n    const w = Math.round(set.getBoundingClientRect().width) || 1000;\r\n    root.style.setProperty('--setW', w + 'px');\r\n    const speed = parseFloat(getComputedStyle(root).getPropertyValue('--speed')) || 120; \/\/ px\/s\r\n    root.style.setProperty('--dur', (w \/ speed) + 's');\r\n  }\r\n})();\r\n<\/script>\r\n\t\t\t\t<\/div>\n\t\t\t\t<\/div>\n\t\t\t\t<\/div>\n\t\t\t\t\t<\/div>\n\t\t\t\t<\/div>\n\t\t<div class=\"elementor-element elementor-element-e9375fa e-flex e-con-boxed e-con e-parent\" data-id=\"e9375fa\" data-element_type=\"container\">\n\t\t\t\t\t<div class=\"e-con-inner\">\n\t\t\t\t\t<\/div>\n\t\t\t\t<\/div>\n\t\t<div class=\"elementor-element elementor-element-10c5db8 e-flex e-con-boxed e-con e-parent\" data-id=\"10c5db8\" data-element_type=\"container\">\n\t\t\t\t\t<div class=\"e-con-inner\">\n\t\t\t\t\t<\/div>\n\t\t\t\t<\/div>\n\t\t\t\t<\/div>\n\t\t","protected":false},"excerpt":{"rendered":"<p>\u00c9lectriciens \/ Tableautier Sp\u00e9cialistes en Electricit\u00e9 Industrielle et Photovolta\u00efque A votre service depuis 25 ans Nos domaines d&rsquo;intervention D\u00e9couvrez notre [&hellip;]<\/p>\n","protected":false},"author":1,"featured_media":0,"parent":0,"menu_order":0,"comment_status":"closed","ping_status":"closed","template":"","meta":{"site-sidebar-layout":"no-sidebar","site-content-layout":"page-builder","ast-site-content-layout":"full-width-container","site-content-style":"default","site-sidebar-style":"default","ast-global-header-display":"","ast-banner-title-visibility":"","ast-main-header-display":"","ast-hfb-above-header-display":"","ast-hfb-below-header-display":"","ast-hfb-mobile-header-display":"","site-post-title":"disabled","ast-breadcrumbs-content":"","ast-featured-img":"disabled","footer-sml-layout":"","ast-disable-related-posts":"","theme-transparent-header-meta":"disabled","adv-header-id-meta":"","stick-header-meta":"","header-above-stick-meta":"","header-main-stick-meta":"","header-below-stick-meta":"","astra-migrate-meta-layouts":"set","ast-page-background-enabled":"default","ast-page-background-meta":{"desktop":{"background-color":"var(--ast-global-color-4)","background-image":"","background-repeat":"repeat","background-position":"center center","background-size":"auto","background-attachment":"scroll","background-type":"","background-media":"","overlay-type":"","overlay-color":"","overlay-opacity":"","overlay-gradient":""},"tablet":{"background-color":"","background-image":"","background-repeat":"repeat","background-position":"center center","background-size":"auto","background-attachment":"scroll","background-type":"","background-media":"","overlay-type":"","overlay-color":"","overlay-opacity":"","overlay-gradient":""},"mobile":{"background-color":"","background-image":"","background-repeat":"repeat","background-position":"center center","background-size":"auto","background-attachment":"scroll","background-type":"","background-media":"","overlay-type":"","overlay-color":"","overlay-opacity":"","overlay-gradient":""}},"ast-content-background-meta":{"desktop":{"background-color":"var(--ast-global-color-5)","background-image":"","background-repeat":"repeat","background-position":"center center","background-size":"auto","background-attachment":"scroll","background-type":"","background-media":"","overlay-type":"","overlay-color":"","overlay-opacity":"","overlay-gradient":""},"tablet":{"background-color":"var(--ast-global-color-5)","background-image":"","background-repeat":"repeat","background-position":"center center","background-size":"auto","background-attachment":"scroll","background-type":"","background-media":"","overlay-type":"","overlay-color":"","overlay-opacity":"","overlay-gradient":""},"mobile":{"background-color":"var(--ast-global-color-5)","background-image":"","background-repeat":"repeat","background-position":"center center","background-size":"auto","background-attachment":"scroll","background-type":"","background-media":"","overlay-type":"","overlay-color":"","overlay-opacity":"","overlay-gradient":""}},"footnotes":""},"class_list":["post-764","page","type-page","status-publish","hentry"],"_links":{"self":[{"href":"https:\/\/wp.axid-system.com\/en\/wp-json\/wp\/v2\/pages\/764","targetHints":{"allow":["GET"]}}],"collection":[{"href":"https:\/\/wp.axid-system.com\/en\/wp-json\/wp\/v2\/pages"}],"about":[{"href":"https:\/\/wp.axid-system.com\/en\/wp-json\/wp\/v2\/types\/page"}],"author":[{"embeddable":true,"href":"https:\/\/wp.axid-system.com\/en\/wp-json\/wp\/v2\/users\/1"}],"replies":[{"embeddable":true,"href":"https:\/\/wp.axid-system.com\/en\/wp-json\/wp\/v2\/comments?post=764"}],"version-history":[{"count":405,"href":"https:\/\/wp.axid-system.com\/en\/wp-json\/wp\/v2\/pages\/764\/revisions"}],"predecessor-version":[{"id":3767,"href":"https:\/\/wp.axid-system.com\/en\/wp-json\/wp\/v2\/pages\/764\/revisions\/3767"}],"wp:attachment":[{"href":"https:\/\/wp.axid-system.com\/en\/wp-json\/wp\/v2\/media?parent=764"}],"curies":[{"name":"wp","href":"https:\/\/api.w.org\/{rel}","templated":true}]}}