{"id":7,"date":"2025-08-19T13:43:02","date_gmt":"2025-08-19T13:43:02","guid":{"rendered":"http:\/\/wp.axid-system.com\/?page_id=7"},"modified":"2025-11-21T10:29:00","modified_gmt":"2025-11-21T10:29:00","slug":"formation","status":"publish","type":"page","link":"https:\/\/wp.axid-system.com\/en\/formation\/","title":{"rendered":"Tableautier"},"content":{"rendered":"<div data-elementor-type=\"wp-post\" data-elementor-id=\"7\" class=\"elementor elementor-7\">\n\t\t\t\t<div class=\"elementor-element elementor-element-a2e99c8 e-flex e-con-boxed e-con e-parent\" data-id=\"a2e99c8\" data-element_type=\"container\">\n\t\t\t\t\t<div class=\"e-con-inner\">\n\t\t<div class=\"elementor-element elementor-element-26bb706 e-con-full e-flex e-con e-child\" data-id=\"26bb706\" data-element_type=\"container\">\n\t\t\t\t<div class=\"elementor-element elementor-element-00a378f elementor-widget elementor-widget-heading\" data-id=\"00a378f\" data-element_type=\"widget\" data-widget_type=\"heading.default\">\n\t\t\t\t\t<h1 class=\"elementor-heading-title elementor-size-default\">Tableautiers d'exp\u00e9rience<\/h1>\t\t\t\t<\/div>\n\t\t\t\t<div class=\"elementor-element elementor-element-5d92a3b elementor-widget elementor-widget-heading\" data-id=\"5d92a3b\" data-element_type=\"widget\" data-widget_type=\"heading.default\">\n\t\t\t\t\t<h3 class=\"elementor-heading-title elementor-size-default\">(conception d'armoires industrielles sur mesure)<\/h3>\t\t\t\t<\/div>\n\t\t\t\t<\/div>\n\t\t<div class=\"elementor-element elementor-element-5f81f60 e-con-full e-flex e-con e-child\" data-id=\"5f81f60\" data-element_type=\"container\">\n\t\t\t\t<div class=\"elementor-element elementor-element-a4cc17f elementor-widget elementor-widget-image\" data-id=\"a4cc17f\" data-element_type=\"widget\" data-widget_type=\"image.default\">\n\t\t\t\t\t\t\t\t\t\t\t\t\t\t\t<img fetchpriority=\"high\" decoding=\"async\" width=\"2560\" height=\"1920\" src=\"https:\/\/wp.axid-system.com\/wp-content\/uploads\/2025\/11\/ATELIER-1-scaled.webp\" class=\"attachment-full size-full wp-image-3646 not-transparent\" alt=\"\" srcset=\"https:\/\/wp.axid-system.com\/wp-content\/uploads\/2025\/11\/ATELIER-1-scaled.webp 2560w, https:\/\/wp.axid-system.com\/wp-content\/uploads\/2025\/11\/ATELIER-1-300x225.webp 300w, https:\/\/wp.axid-system.com\/wp-content\/uploads\/2025\/11\/ATELIER-1-1024x768.webp 1024w, https:\/\/wp.axid-system.com\/wp-content\/uploads\/2025\/11\/ATELIER-1-768x576.webp 768w, https:\/\/wp.axid-system.com\/wp-content\/uploads\/2025\/11\/ATELIER-1-1536x1152.webp 1536w, https:\/\/wp.axid-system.com\/wp-content\/uploads\/2025\/11\/ATELIER-1-2048x1536.webp 2048w, https:\/\/wp.axid-system.com\/wp-content\/uploads\/2025\/11\/ATELIER-1-16x12.webp 16w\" sizes=\"(max-width: 2560px) 100vw, 2560px\" data-has-transparency=\"false\" data-dominant-color=\"7b756b\" style=\"--dominant-color: #7b756b\" \/>\t\t\t\t\t\t\t\t\t\t\t\t\t\t\t<\/div>\n\t\t\t\t<\/div>\n\t\t\t\t\t<\/div>\n\t\t\t\t<\/div>\n\t\t<div class=\"elementor-element elementor-element-d12613f e-grid e-con-boxed e-con e-parent\" data-id=\"d12613f\" data-element_type=\"container\" data-settings=\"{&quot;background_background&quot;:&quot;classic&quot;}\">\n\t\t\t\t\t<div class=\"e-con-inner\">\n\t\t<div class=\"elementor-element elementor-element-81a42f8 e-con-full e-flex e-con e-child\" data-id=\"81a42f8\" data-element_type=\"container\">\n\t\t\t\t<div class=\"elementor-element elementor-element-c51ab52 elementor-widget elementor-widget-heading\" data-id=\"c51ab52\" data-element_type=\"widget\" data-widget_type=\"heading.default\">\n\t\t\t\t\t<span class=\"elementor-heading-title elementor-size-default\">01<\/span>\t\t\t\t<\/div>\n\t\t\t\t<div class=\"elementor-element elementor-element-950421a elementor-widget__width-initial elementor-widget elementor-widget-icon-box\" data-id=\"950421a\" data-element_type=\"widget\" data-widget_type=\"icon-box.default\">\n\t\t\t\t\t\t\t<div class=\"elementor-icon-box-wrapper\">\n\n\t\t\t\n\t\t\t\t\t\t<div class=\"elementor-icon-box-content\">\n\n\t\t\t\t\t\t\t\t\t<h3 class=\"elementor-icon-box-title\">\n\t\t\t\t\t\t<span  >\n\t\t\t\t\t\t\t\u00c9tude personnalis\u00e9e\t\t\t\t\t\t<\/span>\n\t\t\t\t\t<\/h3>\n\t\t\t\t\n\t\t\t\t\t\t\t\t\t<p class=\"elementor-icon-box-description\">\n\t\t\t\t\t\tGS ELEC Entreprise est une entreprise sp\u00e9cialis\u00e9e dans l\u2019\u00e9tude \u00e9lectrique et la fabrication de tableaux et armoires \u00e9lectriques sur mesure destin\u00e9s aux industriels et artisans.\t\t\t\t\t<\/p>\n\t\t\t\t\n\t\t\t<\/div>\n\t\t\t\n\t\t<\/div>\n\t\t\t\t\t\t<\/div>\n\t\t\t\t<\/div>\n\t\t<div class=\"elementor-element elementor-element-7930e85 e-con-full e-flex e-con e-child\" data-id=\"7930e85\" data-element_type=\"container\">\n\t\t\t\t<div class=\"elementor-element elementor-element-fcf4522 elementor-widget elementor-widget-heading\" data-id=\"fcf4522\" data-element_type=\"widget\" data-widget_type=\"heading.default\">\n\t\t\t\t\t<span class=\"elementor-heading-title elementor-size-default\">02<\/span>\t\t\t\t<\/div>\n\t\t\t\t<div class=\"elementor-element elementor-element-b14ae06 elementor-widget elementor-widget-icon-box\" data-id=\"b14ae06\" data-element_type=\"widget\" data-widget_type=\"icon-box.default\">\n\t\t\t\t\t\t\t<div class=\"elementor-icon-box-wrapper\">\n\n\t\t\t\n\t\t\t\t\t\t<div class=\"elementor-icon-box-content\">\n\n\t\t\t\t\t\t\t\t\t<h3 class=\"elementor-icon-box-title\">\n\t\t\t\t\t\t<span  >\n\t\t\t\t\t\t\tDes produits de qualit\u00e9s\t\t\t\t\t\t<\/span>\n\t\t\t\t\t<\/h3>\n\t\t\t\t\n\t\t\t\t\t\t\t\t\t<p class=\"elementor-icon-box-description\">\n\t\t\t\t\t\tNous s\u00e9lectionnons des produits de haute qualit\u00e9 , parmi les grandes marques, afin de garantir une conception fiable et durable de nos armoires \u00e9lectriques.<br>\t\t\t\t\t<\/p>\n\t\t\t\t\n\t\t\t<\/div>\n\t\t\t\n\t\t<\/div>\n\t\t\t\t\t\t<\/div>\n\t\t\t\t<\/div>\n\t\t<div class=\"elementor-element elementor-element-efd1d34 e-con-full e-flex e-con e-child\" data-id=\"efd1d34\" data-element_type=\"container\">\n\t\t\t\t<div class=\"elementor-element elementor-element-ac7bafe elementor-widget elementor-widget-heading\" data-id=\"ac7bafe\" data-element_type=\"widget\" data-widget_type=\"heading.default\">\n\t\t\t\t\t<span class=\"elementor-heading-title elementor-size-default\">03<\/span>\t\t\t\t<\/div>\n\t\t\t\t<div class=\"elementor-element elementor-element-d7050b2 elementor-widget elementor-widget-icon-box\" data-id=\"d7050b2\" data-element_type=\"widget\" data-widget_type=\"icon-box.default\">\n\t\t\t\t\t\t\t<div class=\"elementor-icon-box-wrapper\">\n\n\t\t\t\n\t\t\t\t\t\t<div class=\"elementor-icon-box-content\">\n\n\t\t\t\t\t\t\t\t\t<h3 class=\"elementor-icon-box-title\">\n\t\t\t\t\t\t<span  >\n\t\t\t\t\t\t\tMise en service\t\t\t\t\t\t<\/span>\n\t\t\t\t\t<\/h3>\n\t\t\t\t\n\t\t\t\t\t\t\t\t\t<p class=\"elementor-icon-box-description\">\n\t\t\t\t\t\tNous concevons dans notre atelier des armoires et tableaux personnalis\u00e9s, et nous assurons leur installation sur site. La mise en service est compl\u00e8te et adapt\u00e9e \u00e0 vos besoins.\t\t\t\t\t<\/p>\n\t\t\t\t\n\t\t\t<\/div>\n\t\t\t\n\t\t<\/div>\n\t\t\t\t\t\t<\/div>\n\t\t\t\t<\/div>\n\t\t<div class=\"elementor-element elementor-element-4ca34c6 e-con-full e-flex e-con e-child\" data-id=\"4ca34c6\" data-element_type=\"container\">\n\t\t\t\t<div class=\"elementor-element elementor-element-68c741e elementor-widget elementor-widget-image\" data-id=\"68c741e\" data-element_type=\"widget\" data-widget_type=\"image.default\">\n\t\t\t\t\t\t\t\t\t\t\t\t\t\t\t<img decoding=\"async\" width=\"566\" height=\"431\" data-src=\"https:\/\/wp.axid-system.com\/wp-content\/uploads\/2025\/08\/ingenieur_original.jpg\" class=\"attachment-large size-large wp-image-37 lazyload\" alt=\"\" data-srcset=\"https:\/\/wp.axid-system.com\/wp-content\/uploads\/2025\/08\/ingenieur_original.jpg 566w, https:\/\/wp.axid-system.com\/wp-content\/uploads\/2025\/08\/ingenieur_original-300x228.jpg 300w, https:\/\/wp.axid-system.com\/wp-content\/uploads\/2025\/08\/elementor\/thumbs\/ingenieur_original-rah9g7mfx5vrdjn7j0wk5ggglgn5jybz2brtkgmne2.jpg 400w\" data-sizes=\"(max-width: 566px) 100vw, 566px\" src=\"data:image\/svg+xml;base64,PHN2ZyB3aWR0aD0iMSIgaGVpZ2h0PSIxIiB4bWxucz0iaHR0cDovL3d3dy53My5vcmcvMjAwMC9zdmciPjwvc3ZnPg==\" style=\"--smush-placeholder-width: 566px; --smush-placeholder-aspect-ratio: 566\/431;\" \/>\t\t\t\t\t\t\t\t\t\t\t\t\t\t\t<\/div>\n\t\t\t\t<\/div>\n\t\t<div class=\"elementor-element elementor-element-e69dc18 e-con-full e-flex e-con e-child\" data-id=\"e69dc18\" data-element_type=\"container\">\n\t\t\t\t<div class=\"elementor-element elementor-element-711c77f elementor-widget elementor-widget-image\" data-id=\"711c77f\" data-element_type=\"widget\" data-widget_type=\"image.default\">\n\t\t\t\t\t\t\t\t\t\t\t\t\t\t\t<img decoding=\"async\" width=\"300\" height=\"190\" src=\"https:\/\/wp.axid-system.com\/wp-content\/uploads\/2025\/10\/administratif-panneaux-photovoltaiques.avif\" class=\"attachment-medium size-medium wp-image-3198\" alt=\"\" \/>\t\t\t\t\t\t\t\t\t\t\t\t\t\t\t<\/div>\n\t\t\t\t<\/div>\n\t\t<div class=\"elementor-element elementor-element-958ef40 e-con-full e-flex e-con e-child\" data-id=\"958ef40\" data-element_type=\"container\">\n\t\t\t\t<div class=\"elementor-element elementor-element-2bc7739 elementor-widget elementor-widget-image\" data-id=\"2bc7739\" data-element_type=\"widget\" data-widget_type=\"image.default\">\n\t\t\t\t\t\t\t\t\t\t\t\t\t\t\t<img decoding=\"async\" width=\"768\" height=\"432\" data-src=\"https:\/\/wp.axid-system.com\/wp-content\/uploads\/2025\/11\/HRFH2320-768x432.webp\" class=\"attachment-medium_large size-medium_large wp-image-3731 not-transparent lazyload\" alt=\"\" data-srcset=\"https:\/\/wp.axid-system.com\/wp-content\/uploads\/2025\/11\/HRFH2320-768x432.webp 768w, https:\/\/wp.axid-system.com\/wp-content\/uploads\/2025\/11\/HRFH2320-300x169.webp 300w, https:\/\/wp.axid-system.com\/wp-content\/uploads\/2025\/11\/HRFH2320-1024x576.webp 1024w, https:\/\/wp.axid-system.com\/wp-content\/uploads\/2025\/11\/HRFH2320-1536x864.webp 1536w, https:\/\/wp.axid-system.com\/wp-content\/uploads\/2025\/11\/HRFH2320-18x10.webp 18w, https:\/\/wp.axid-system.com\/wp-content\/uploads\/2025\/11\/HRFH2320.webp 1599w\" data-sizes=\"(max-width: 768px) 100vw, 768px\" data-has-transparency=\"false\" data-dominant-color=\"8d8077\" style=\"--smush-placeholder-width: 768px; --smush-placeholder-aspect-ratio: 768\/432;--dominant-color: #8d8077\" src=\"data:image\/svg+xml;base64,PHN2ZyB3aWR0aD0iMSIgaGVpZ2h0PSIxIiB4bWxucz0iaHR0cDovL3d3dy53My5vcmcvMjAwMC9zdmciPjwvc3ZnPg==\" \/>\t\t\t\t\t\t\t\t\t\t\t\t\t\t\t<\/div>\n\t\t\t\t<\/div>\n\t\t\t\t\t<\/div>\n\t\t\t\t<\/div>\n\t\t<div class=\"elementor-element elementor-element-cfe3818 e-flex e-con-boxed e-con e-parent\" data-id=\"cfe3818\" data-element_type=\"container\" data-settings=\"{&quot;background_background&quot;:&quot;classic&quot;}\">\n\t\t\t\t\t<div class=\"e-con-inner\">\n\t\t\t\t<div class=\"elementor-element elementor-element-3d11aeb elementor-widget elementor-widget-spacer\" data-id=\"3d11aeb\" data-element_type=\"widget\" data-widget_type=\"spacer.default\">\n\t\t\t\t\t\t\t<div class=\"elementor-spacer\">\n\t\t\t<div class=\"elementor-spacer-inner\"><\/div>\n\t\t<\/div>\n\t\t\t\t\t\t<\/div>\n\t\t\t\t<div class=\"elementor-element elementor-element-158ea3c elementor-widget-divider--view-line elementor-widget elementor-widget-divider\" data-id=\"158ea3c\" data-element_type=\"widget\" data-widget_type=\"divider.default\">\n\t\t\t\t\t\t\t<div class=\"elementor-divider\">\n\t\t\t<span class=\"elementor-divider-separator\">\n\t\t\t\t\t\t<\/span>\n\t\t<\/div>\n\t\t\t\t\t\t<\/div>\n\t\t<div class=\"elementor-element elementor-element-0d3c0a4 e-con-full e-flex e-con e-child\" data-id=\"0d3c0a4\" data-element_type=\"container\">\n\t\t\t\t<div class=\"elementor-element elementor-element-d870f58 elementor-widget__width-initial elementor-widget elementor-widget-icon-box\" data-id=\"d870f58\" data-element_type=\"widget\" data-widget_type=\"icon-box.default\">\n\t\t\t\t\t\t\t<div class=\"elementor-icon-box-wrapper\">\n\n\t\t\t\n\t\t\t\t\t\t<div class=\"elementor-icon-box-content\">\n\n\t\t\t\t\t\t\t\t\t<h3 class=\"elementor-icon-box-title\">\n\t\t\t\t\t\t<span  >\n\t\t\t\t\t\t\tFast services for your urgent needs\t\t\t\t\t\t<\/span>\n\t\t\t\t\t<\/h3>\n\t\t\t\t\n\t\t\t\t\n\t\t\t<\/div>\n\t\t\t\n\t\t<\/div>\n\t\t\t\t\t\t<\/div>\n\t\t\t\t<\/div>\n\t\t\t\t\t<\/div>\n\t\t\t\t<\/div>\n\t\t<div class=\"elementor-element elementor-element-6eed228 e-flex e-con-boxed e-con e-parent\" data-id=\"6eed228\" data-element_type=\"container\" data-settings=\"{&quot;background_background&quot;:&quot;classic&quot;}\">\n\t\t\t\t\t<div class=\"e-con-inner\">\n\t\t<div class=\"elementor-element elementor-element-5608236 e-con-full e-flex e-con e-child\" data-id=\"5608236\" data-element_type=\"container\" data-settings=\"{&quot;background_background&quot;:&quot;classic&quot;}\">\n\t\t\t\t<div class=\"elementor-element elementor-element-278f4e3 elementor-widget elementor-widget-heading\" data-id=\"278f4e3\" data-element_type=\"widget\" data-widget_type=\"heading.default\">\n\t\t\t\t\t<span class=\"elementor-heading-title elementor-size-default\">Ready to get started?<\/span>\t\t\t\t<\/div>\n\t\t\t\t<div class=\"elementor-element elementor-element-a7d13ba elementor-widget elementor-widget-icon-box\" data-id=\"a7d13ba\" data-element_type=\"widget\" data-widget_type=\"icon-box.default\">\n\t\t\t\t\t\t\t<div class=\"elementor-icon-box-wrapper\">\n\n\t\t\t\n\t\t\t\t\t\t<div class=\"elementor-icon-box-content\">\n\n\t\t\t\t\t\t\t\t\t<h3 class=\"elementor-icon-box-title\">\n\t\t\t\t\t\t<span  >\n\t\t\t\t\t\t\tContactez-nous pour \u00e9changer sur vos projets  de tableaux ou armoires \u00e9lectriques\t\t\t\t\t\t<\/span>\n\t\t\t\t\t<\/h3>\n\t\t\t\t\n\t\t\t\t\n\t\t\t<\/div>\n\t\t\t\n\t\t<\/div>\n\t\t\t\t\t\t<\/div>\n\t\t\t\t<\/div>\n\t\t\t\t\t<\/div>\n\t\t\t\t<\/div>\n\t\t\t\t<\/div>","protected":false},"excerpt":{"rendered":"<p>Tableautiers d&rsquo;exp\u00e9rience (conception d&rsquo;armoires industrielles sur mesure) 01 \u00c9tude personnalis\u00e9e GS ELEC Entreprise est une entreprise sp\u00e9cialis\u00e9e dans l\u2019\u00e9tude \u00e9lectrique [&hellip;]<\/p>\n","protected":false},"author":1,"featured_media":0,"parent":0,"menu_order":0,"comment_status":"closed","ping_status":"closed","template":"elementor_header_footer","meta":{"site-sidebar-layout":"no-sidebar","site-content-layout":"page-builder","ast-site-content-layout":"full-width-container","site-content-style":"default","site-sidebar-style":"default","ast-global-header-display":"","ast-banner-title-visibility":"","ast-main-header-display":"","ast-hfb-above-header-display":"","ast-hfb-below-header-display":"","ast-hfb-mobile-header-display":"","site-post-title":"","ast-breadcrumbs-content":"","ast-featured-img":"disabled","footer-sml-layout":"","ast-disable-related-posts":"","theme-transparent-header-meta":"","adv-header-id-meta":"","stick-header-meta":"","header-above-stick-meta":"","header-main-stick-meta":"","header-below-stick-meta":"","astra-migrate-meta-layouts":"set","ast-page-background-enabled":"default","ast-page-background-meta":{"desktop":{"background-color":"var(--ast-global-color-4)","background-image":"","background-repeat":"repeat","background-position":"center center","background-size":"auto","background-attachment":"scroll","background-type":"","background-media":"","overlay-type":"","overlay-color":"","overlay-opacity":"","overlay-gradient":""},"tablet":{"background-color":"","background-image":"","background-repeat":"repeat","background-position":"center center","background-size":"auto","background-attachment":"scroll","background-type":"","background-media":"","overlay-type":"","overlay-color":"","overlay-opacity":"","overlay-gradient":""},"mobile":{"background-color":"","background-image":"","background-repeat":"repeat","background-position":"center center","background-size":"auto","background-attachment":"scroll","background-type":"","background-media":"","overlay-type":"","overlay-color":"","overlay-opacity":"","overlay-gradient":""}},"ast-content-background-meta":{"desktop":{"background-color":"var(--ast-global-color-5)","background-image":"","background-repeat":"repeat","background-position":"center center","background-size":"auto","background-attachment":"scroll","background-type":"","background-media":"","overlay-type":"","overlay-color":"","overlay-opacity":"","overlay-gradient":""},"tablet":{"background-color":"var(--ast-global-color-5)","background-image":"","background-repeat":"repeat","background-position":"center center","background-size":"auto","background-attachment":"scroll","background-type":"","background-media":"","overlay-type":"","overlay-color":"","overlay-opacity":"","overlay-gradient":""},"mobile":{"background-color":"var(--ast-global-color-5)","background-image":"","background-repeat":"repeat","background-position":"center center","background-size":"auto","background-attachment":"scroll","background-type":"","background-media":"","overlay-type":"","overlay-color":"","overlay-opacity":"","overlay-gradient":""}},"footnotes":""},"class_list":["post-7","page","type-page","status-publish","hentry"],"_links":{"self":[{"href":"https:\/\/wp.axid-system.com\/en\/wp-json\/wp\/v2\/pages\/7","targetHints":{"allow":["GET"]}}],"collection":[{"href":"https:\/\/wp.axid-system.com\/en\/wp-json\/wp\/v2\/pages"}],"about":[{"href":"https:\/\/wp.axid-system.com\/en\/wp-json\/wp\/v2\/types\/page"}],"author":[{"embeddable":true,"href":"https:\/\/wp.axid-system.com\/en\/wp-json\/wp\/v2\/users\/1"}],"replies":[{"embeddable":true,"href":"https:\/\/wp.axid-system.com\/en\/wp-json\/wp\/v2\/comments?post=7"}],"version-history":[{"count":90,"href":"https:\/\/wp.axid-system.com\/en\/wp-json\/wp\/v2\/pages\/7\/revisions"}],"predecessor-version":[{"id":3741,"href":"https:\/\/wp.axid-system.com\/en\/wp-json\/wp\/v2\/pages\/7\/revisions\/3741"}],"wp:attachment":[{"href":"https:\/\/wp.axid-system.com\/en\/wp-json\/wp\/v2\/media?parent=7"}],"curies":[{"name":"wp","href":"https:\/\/api.w.org\/{rel}","templated":true}]}}