{"id":3581,"date":"2025-10-22T13:36:54","date_gmt":"2025-10-22T13:36:54","guid":{"rendered":"https:\/\/wp.axid-system.com\/?page_id=3581"},"modified":"2025-11-18T15:58:19","modified_gmt":"2025-11-18T15:58:19","slug":"banc-de-test","status":"publish","type":"page","link":"https:\/\/wp.axid-system.com\/en\/banc-de-test\/","title":{"rendered":"Banc de Test"},"content":{"rendered":"<div data-elementor-type=\"wp-page\" data-elementor-id=\"3581\" class=\"elementor elementor-3581\">\n\t\t\t\t<div class=\"elementor-element elementor-element-0b2e3c2 e-flex e-con-boxed e-con e-parent\" data-id=\"0b2e3c2\" data-element_type=\"container\">\n\t\t\t\t\t<div class=\"e-con-inner\">\n\t\t\t\t<div class=\"elementor-element elementor-element-afa38a0 elementor-widget elementor-widget-heading\" data-id=\"afa38a0\" data-element_type=\"widget\" data-widget_type=\"heading.default\">\n\t\t\t\t\t<h1 class=\"elementor-heading-title elementor-size-default\">Exemples de Banc Test<\/h1>\t\t\t\t<\/div>\n\t\t\t\t<div class=\"elementor-element elementor-element-456a19c elementor-widget-divider--view-line elementor-widget elementor-widget-divider\" data-id=\"456a19c\" data-element_type=\"widget\" data-widget_type=\"divider.default\">\n\t\t\t\t\t\t\t<div class=\"elementor-divider\">\n\t\t\t<span class=\"elementor-divider-separator\">\n\t\t\t\t\t\t<\/span>\n\t\t<\/div>\n\t\t\t\t\t\t<\/div>\n\t\t<div class=\"elementor-element elementor-element-a191849 e-grid e-con-full e-con e-child\" data-id=\"a191849\" data-element_type=\"container\">\n\t\t\t\t<div class=\"elementor-element elementor-element-c197330 elementor-widget elementor-widget-html\" data-id=\"c197330\" data-element_type=\"widget\" data-widget_type=\"html.default\">\n\t\t\t\t\t<style>\r\n  .patentBtn1{\r\n    position:relative; display:block; width:100%;\r\n    border-radius:20px; overflow:hidden; text-decoration:none; color:#fff;\r\n    min-height:400px; aspect-ratio:16\/9;\r\n    box-shadow:0 12px 30px rgba(0,0,0,.08); background:#0a0a0a; isolation:isolate;\r\n    --peek: 70px;    \/* hauteur visible au repos *\/\r\n    --open: 260px;   \/* hauteur ouverte au hover *\/\r\n  }\r\n  .patentBtn1::before{\r\n    content:\"\"; position:absolute; inset:0; z-index:0;\r\n    background-image: var(--bg1), radial-gradient(80% 100% at 50% 10%, #1c1c1c 0%, #0a0a0a 100%);\r\n    background-size:cover; background-position:center;\r\n    transform:scale(1.02); transition:.35s cubic-bezier(.2,.8,.2,1);\r\n  }\r\n  .patentBtn1::after{\r\n    content:\"\"; position:absolute; inset:0; z-index:1;\r\n    background: linear-gradient(180deg, rgba(0,0,0,0.00) 30%, rgba(0,0,0,.55) 100%);\r\n  }\r\n  .patentBtn1:hover::before{ transform:scale(1.06); filter:saturate(1.05) contrast(1.05); }\r\n\r\n  .patentBtn1 .inner{\r\n    position:absolute; left:0; right:0; bottom:0; z-index:2;\r\n    background: rgba(0,0,0,.6); backdrop-filter: blur(4px);\r\n    overflow:hidden; max-height: var(--peek);\r\n    transition: max-height .4s cubic-bezier(.2,.8,.2,1);\r\n    padding:18px 20px 16px;\r\n  }\r\n  .patentBtn1:hover .inner{ max-height: var(--open); }\r\n\r\n  .patentBtn1 .patentTitle{\r\n    margin:0 0 8px; color:#fff;\r\n    font-weight:700;\r\n    font-size: clamp(16px, 2vw, 20px); \/* ordre correct *\/\r\n    line-height:1.25;\r\n    font-family: system-ui,-apple-system,\"Helvetica Neue\",Arial;\r\n  }\r\n  .patentBtn1 .patentDesc{\r\n    margin:10px 0 0; color:#ddd; font-size:clamp(13px,1.6vw,15px); line-height:1.5;\r\n  }\r\n<\/style>\r\n\r\n<a class=\"patentBtn1\"  rel=\"noopener\"\r\n   style=\"--bg1:url('https:\/\/wp.axid-system.com\/wp-content\/uploads\/2025\/11\/CHATEAUNEUF-LE-ROUGE-1-scaled.webp');          --peek:83px; --open:260px;\">\r\n  <div class=\"inner\">\r\n    <h3 class=\"patentTitle\">2018 : BANC TEST ROUTE SOLAIRE (13)\r\n     <br><br><\/h3>\r\n    <p class=\"patentDesc\">\r\n      Photovoltaique (sur route enrob\u00e9e) raccord\u00e9e r\u00e9seau en autoconsomation + stockage pour alimenter  \u00e9clairage public et pompe  fontaine jet d'eau \r\n    <\/p>\r\n  <\/div>\r\n<\/a>\r\n\t\t\t\t<\/div>\n\t\t\t\t<div class=\"elementor-element elementor-element-4205f0c elementor-widget elementor-widget-html\" data-id=\"4205f0c\" data-element_type=\"widget\" data-widget_type=\"html.default\">\n\t\t\t\t\t<style>\r\n  .patentBtn1{\r\n    position:relative; display:block; width:100%;\r\n    border-radius:20px; overflow:hidden; text-decoration:none; color:#fff;\r\n    min-height:400px; aspect-ratio:16\/9;\r\n    box-shadow:0 12px 30px rgba(0,0,0,.08); background:#0a0a0a; isolation:isolate;\r\n    --peek: 70px;    \/* hauteur visible au repos *\/\r\n    --open: 260px;   \/* hauteur ouverte au hover *\/\r\n  }\r\n  .patentBtn1::before{\r\n    content:\"\"; position:absolute; inset:0; z-index:0;\r\n    background-image: var(--bg1), radial-gradient(80% 100% at 50% 10%, #1c1c1c 0%, #0a0a0a 100%);\r\n    background-size:cover; background-position:center;\r\n    transform:scale(1.02); transition:.35s cubic-bezier(.2,.8,.2,1);\r\n  }\r\n  .patentBtn1::after{\r\n    content:\"\"; position:absolute; inset:0; z-index:1;\r\n    background: linear-gradient(180deg, rgba(0,0,0,0.00) 30%, rgba(0,0,0,.55) 100%);\r\n  }\r\n  .patentBtn1:hover::before{ transform:scale(1.06); filter:saturate(1.05) contrast(1.05); }\r\n\r\n  .patentBtn1 .inner{\r\n    position:absolute; left:0; right:0; bottom:0; z-index:2;\r\n    background: rgba(0,0,0,.6); backdrop-filter: blur(4px);\r\n    overflow:hidden; max-height: var(--peek);\r\n    transition: max-height .4s cubic-bezier(.2,.8,.2,1);\r\n    padding:18px 20px 16px;\r\n  }\r\n  .patentBtn1:hover .inner{ max-height: var(--open); }\r\n\r\n  .patentBtn1 .patentTitle{\r\n    margin:0 0 8px; color:#fff;\r\n    font-weight:700;\r\n    font-size: clamp(16px, 2vw, 20px); \/* ordre correct *\/\r\n    line-height:1.25;\r\n    font-family: system-ui,-apple-system,\"Helvetica Neue\",Arial;\r\n  }\r\n  .patentBtn1 .patentDesc{\r\n    margin:10px 0 0; color:#ddd; font-size:clamp(13px,1.6vw,15px); line-height:1.5;\r\n  }\r\n<\/style>\r\n\r\n<a class=\"patentBtn1\"  rel=\"noopener\"\r\n   style=\"--bg1:url('https:\/\/wp.axid-system.com\/wp-content\/uploads\/2025\/11\/FLOWELL-ADP-ORLY-V2-1-scaled.webp');          --peek:83px; --open:260px;\">\r\n  <div class=\"inner\">\r\n    <h3 class=\"patentTitle\">2019 :BANC TEST ECLAIRAGE BANDE PASSAGE PIETON AVEC DETECTION PIETON - (Mandelieu 06)<br><br><\/h3>\r\n    <p class=\"patentDesc\">\r\n      Securiser la traverss\u00e9e des pietons dans les endroits sombre   \r\n      -Convertisseur DALI-Automate WAGO- Alimentation MEANWELL\r\n    <\/p>\r\n  <\/div>\r\n<\/a>\r\n\t\t\t\t<\/div>\n\t\t\t\t<div class=\"elementor-element elementor-element-e18d800 elementor-widget elementor-widget-html\" data-id=\"e18d800\" data-element_type=\"widget\" data-widget_type=\"html.default\">\n\t\t\t\t\t<style>\r\n  .patentBtn1{\r\n    position:relative; display:block; width:100%;\r\n    border-radius:20px; overflow:hidden; text-decoration:none; color:#fff;\r\n    min-height:400px; aspect-ratio:16\/9;\r\n    box-shadow:0 12px 30px rgba(0,0,0,.08); background:#0a0a0a; isolation:isolate;\r\n    --peek: 70px;    \/* hauteur visible au repos *\/\r\n    --open: 260px;   \/* hauteur ouverte au hover *\/\r\n  }\r\n  .patentBtn1::before{\r\n    content:\"\"; position:absolute; inset:0; z-index:0;\r\n    background-image: var(--bg1), radial-gradient(80% 100% at 50% 10%, #1c1c1c 0%, #0a0a0a 100%);\r\n    background-size:cover; background-position:center;\r\n    transform:scale(1.02); transition:.35s cubic-bezier(.2,.8,.2,1);\r\n  }\r\n  .patentBtn1::after{\r\n    content:\"\"; position:absolute; inset:0; z-index:1;\r\n    background: linear-gradient(180deg, rgba(0,0,0,0.00) 30%, rgba(0,0,0,.55) 100%);\r\n  }\r\n  .patentBtn1:hover::before{ transform:scale(1.06); filter:saturate(1.05) contrast(1.05); }\r\n\r\n  .patentBtn1 .inner{\r\n    position:absolute; left:0; right:0; bottom:0; z-index:2;\r\n    background: rgba(0,0,0,.6); backdrop-filter: blur(4px);\r\n    overflow:hidden; max-height: var(--peek);\r\n    transition: max-height .4s cubic-bezier(.2,.8,.2,1);\r\n    padding:18px 20px 16px;\r\n  }\r\n  .patentBtn1:hover .inner{ max-height: var(--open); }\r\n\r\n  .patentBtn1 .patentTitle{\r\n    margin:0 0 8px; color:#fff;\r\n    font-weight:700;\r\n    font-size: clamp(16px, 2vw, 20px); \/* ordre correct *\/\r\n    line-height:1.25;\r\n    font-family: system-ui,-apple-system,\"Helvetica Neue\",Arial;\r\n  }\r\n  .patentBtn1 .patentDesc{\r\n    margin:10px 0 0; color:#ddd; font-size:clamp(13px,1.6vw,15px); line-height:1.5;\r\n  }\r\n<\/style>\r\n\r\n<a class=\"patentBtn1\"  rel=\"noopener\"\r\n   style=\"--bg1:url('https:\/\/wp.axid-system.com\/wp-content\/uploads\/2025\/11\/WATTWAY-CHATEAU-NEUF-LE-ROUGE-2-scaled.webp');          --peek:83px; --open:260px;\">\r\n  <div class=\"inner\">\r\n    <h3 class=\"patentTitle\">2020 : BANC TEST ECLAIRAGE BALISES PASSAGE PIETON (13) <br><br><\/h3>\r\n    <p class=\"patentDesc\">\r\n       4 Plots LED en eclairage 100% autonome \r\n       Photovoltaique + batteries + monitoring de supervision \u00e0 distance type WEBDYN SUN\r\n    <\/p>\r\n  <\/div>\r\n<\/a>\r\n\t\t\t\t<\/div>\n\t\t\t\t<\/div>\n\t\t\t\t\t<\/div>\n\t\t\t\t<\/div>\n\t\t\t\t<\/div>","protected":false},"excerpt":{"rendered":"<p>Exemples de Banc Test 2018 : BANC TEST ROUTE SOLAIRE (13) Photovoltaique (sur route enrob\u00e9e) raccord\u00e9e r\u00e9seau en autoconsomation + [&hellip;]<\/p>\n","protected":false},"author":1,"featured_media":0,"parent":0,"menu_order":0,"comment_status":"closed","ping_status":"closed","template":"","meta":{"site-sidebar-layout":"no-sidebar","site-content-layout":"page-builder","ast-site-content-layout":"full-width-container","site-content-style":"unboxed","site-sidebar-style":"unboxed","ast-global-header-display":"","ast-banner-title-visibility":"","ast-main-header-display":"","ast-hfb-above-header-display":"","ast-hfb-below-header-display":"","ast-hfb-mobile-header-display":"","site-post-title":"disabled","ast-breadcrumbs-content":"","ast-featured-img":"disabled","footer-sml-layout":"","ast-disable-related-posts":"","theme-transparent-header-meta":"","adv-header-id-meta":"","stick-header-meta":"","header-above-stick-meta":"","header-main-stick-meta":"","header-below-stick-meta":"","astra-migrate-meta-layouts":"set","ast-page-background-enabled":"default","ast-page-background-meta":{"desktop":{"background-color":"var(--ast-global-color-4)","background-image":"","background-repeat":"repeat","background-position":"center center","background-size":"auto","background-attachment":"scroll","background-type":"","background-media":"","overlay-type":"","overlay-color":"","overlay-opacity":"","overlay-gradient":""},"tablet":{"background-color":"","background-image":"","background-repeat":"repeat","background-position":"center center","background-size":"auto","background-attachment":"scroll","background-type":"","background-media":"","overlay-type":"","overlay-color":"","overlay-opacity":"","overlay-gradient":""},"mobile":{"background-color":"","background-image":"","background-repeat":"repeat","background-position":"center center","background-size":"auto","background-attachment":"scroll","background-type":"","background-media":"","overlay-type":"","overlay-color":"","overlay-opacity":"","overlay-gradient":""}},"ast-content-background-meta":{"desktop":{"background-color":"var(--ast-global-color-5)","background-image":"","background-repeat":"repeat","background-position":"center center","background-size":"auto","background-attachment":"scroll","background-type":"","background-media":"","overlay-type":"","overlay-color":"","overlay-opacity":"","overlay-gradient":""},"tablet":{"background-color":"var(--ast-global-color-5)","background-image":"","background-repeat":"repeat","background-position":"center center","background-size":"auto","background-attachment":"scroll","background-type":"","background-media":"","overlay-type":"","overlay-color":"","overlay-opacity":"","overlay-gradient":""},"mobile":{"background-color":"var(--ast-global-color-5)","background-image":"","background-repeat":"repeat","background-position":"center center","background-size":"auto","background-attachment":"scroll","background-type":"","background-media":"","overlay-type":"","overlay-color":"","overlay-opacity":"","overlay-gradient":""}},"footnotes":""},"class_list":["post-3581","page","type-page","status-publish","hentry"],"_links":{"self":[{"href":"https:\/\/wp.axid-system.com\/en\/wp-json\/wp\/v2\/pages\/3581","targetHints":{"allow":["GET"]}}],"collection":[{"href":"https:\/\/wp.axid-system.com\/en\/wp-json\/wp\/v2\/pages"}],"about":[{"href":"https:\/\/wp.axid-system.com\/en\/wp-json\/wp\/v2\/types\/page"}],"author":[{"embeddable":true,"href":"https:\/\/wp.axid-system.com\/en\/wp-json\/wp\/v2\/users\/1"}],"replies":[{"embeddable":true,"href":"https:\/\/wp.axid-system.com\/en\/wp-json\/wp\/v2\/comments?post=3581"}],"version-history":[{"count":9,"href":"https:\/\/wp.axid-system.com\/en\/wp-json\/wp\/v2\/pages\/3581\/revisions"}],"predecessor-version":[{"id":3641,"href":"https:\/\/wp.axid-system.com\/en\/wp-json\/wp\/v2\/pages\/3581\/revisions\/3641"}],"wp:attachment":[{"href":"https:\/\/wp.axid-system.com\/en\/wp-json\/wp\/v2\/media?parent=3581"}],"curies":[{"name":"wp","href":"https:\/\/api.w.org\/{rel}","templated":true}]}}