{"id":3579,"date":"2025-10-22T13:36:54","date_gmt":"2025-10-22T13:36:54","guid":{"rendered":"https:\/\/wp.axid-system.com\/?page_id=3579"},"modified":"2025-11-21T14:46:57","modified_gmt":"2025-11-21T14:46:57","slug":"projets-photovoltaique","status":"publish","type":"page","link":"https:\/\/wp.axid-system.com\/en\/projets-photovoltaique\/","title":{"rendered":"Projets Photovolta\u00efque"},"content":{"rendered":"<div data-elementor-type=\"wp-page\" data-elementor-id=\"3579\" class=\"elementor elementor-3579\">\n\t\t\t\t<div class=\"elementor-element elementor-element-56ab423 e-flex e-con-boxed e-con e-parent\" data-id=\"56ab423\" data-element_type=\"container\">\n\t\t\t\t\t<div class=\"e-con-inner\">\n\t\t\t\t<div class=\"elementor-element elementor-element-fd53af0 elementor-widget elementor-widget-heading\" data-id=\"fd53af0\" data-element_type=\"widget\" data-widget_type=\"heading.default\">\n\t\t\t\t\t<h1 class=\"elementor-heading-title elementor-size-default\">Exemples de projets Photovolta\u00efque<\/h1>\t\t\t\t<\/div>\n\t\t\t\t<div class=\"elementor-element elementor-element-5c324de elementor-widget-divider--view-line elementor-widget elementor-widget-divider\" data-id=\"5c324de\" data-element_type=\"widget\" data-widget_type=\"divider.default\">\n\t\t\t\t\t\t\t<div class=\"elementor-divider\">\n\t\t\t<span class=\"elementor-divider-separator\">\n\t\t\t\t\t\t<\/span>\n\t\t<\/div>\n\t\t\t\t\t\t<\/div>\n\t\t<div class=\"elementor-element elementor-element-8109024 e-grid e-con-full e-con e-child\" data-id=\"8109024\" data-element_type=\"container\">\n\t\t\t\t<div class=\"elementor-element elementor-element-a84480e elementor-widget elementor-widget-html\" data-id=\"a84480e\" data-element_type=\"widget\" data-widget_type=\"html.default\">\n\t\t\t\t\t<style>\r\n  .patentBtn1{\r\n    position:relative; display:block; width:100%;\r\n    border-radius:20px; overflow:hidden; text-decoration:none; color:#fff;\r\n    min-height:400px; aspect-ratio:16\/9;\r\n    box-shadow:0 12px 30px rgba(0,0,0,.08); background:#0a0a0a; isolation:isolate;\r\n    --peek: 70px;    \/* hauteur visible au repos *\/\r\n    --open: 260px;   \/* hauteur ouverte au hover *\/\r\n  }\r\n  .patentBtn1::before{\r\n    content:\"\"; position:absolute; inset:0; z-index:0;\r\n    background-image: var(--bg1), radial-gradient(80% 100% at 50% 10%, #1c1c1c 0%, #0a0a0a 100%);\r\n    background-size:cover; background-position:center;\r\n    transform:scale(1.02); transition:.35s cubic-bezier(.2,.8,.2,1);\r\n  }\r\n  .patentBtn1::after{\r\n    content:\"\"; position:absolute; inset:0; z-index:1;\r\n    background: linear-gradient(180deg, rgba(0,0,0,0.00) 30%, rgba(0,0,0,.55) 100%);\r\n  }\r\n  .patentBtn1:hover::before{ transform:scale(1.06); filter:saturate(1.05) contrast(1.05); }\r\n\r\n  .patentBtn1 .inner{\r\n    position:absolute; left:0; right:0; bottom:0; z-index:2;\r\n    background: rgba(0,0,0,.6); backdrop-filter: blur(4px);\r\n    overflow:hidden; max-height: var(--peek);\r\n    transition: max-height .4s cubic-bezier(.2,.8,.2,1);\r\n    padding:18px 20px 16px;\r\n  }\r\n  .patentBtn1:hover .inner{ max-height: var(--open); }\r\n\r\n  .patentBtn1 .patentTitle{\r\n    margin:0 0 8px; color:#fff;\r\n    font-weight:700;\r\n    font-size: clamp(16px, 2vw, 20px); \/* ordre correct *\/\r\n    line-height:1.25;\r\n    font-family: system-ui,-apple-system,\"Helvetica Neue\",Arial;\r\n  }\r\n  .patentBtn1 .patentDesc{\r\n    margin:10px 0 0; color:#ddd; font-size:clamp(13px,1.6vw,15px); line-height:1.5;\r\n  }\r\n<\/style>\r\n\r\n<a class=\"patentBtn1\"  rel=\"noopener\"\r\n   style=\"--bg1:url('https:\/\/wp.axid-system.com\/wp-content\/uploads\/2025\/11\/IMG_4983-scaled-jpg.webp');          --peek:83px; --open:260px;\">\r\n  <div class=\"inner\">\r\n    <h3 class=\"patentTitle\">2025 : INSTALLATION ONDULEURS VERTO - Soci\u00e9t\u00e9 AXUN (06)<br><br><\/h3>\r\n    <p class=\"patentDesc\">\r\n       Installation de 6 onduleurs pour une centrale de 200 kWC.\r\n    <\/p>\r\n  <\/div>\r\n<\/a>\r\n\t\t\t\t<\/div>\n\t\t\t\t<div class=\"elementor-element elementor-element-13609e7 elementor-widget elementor-widget-html\" data-id=\"13609e7\" data-element_type=\"widget\" data-widget_type=\"html.default\">\n\t\t\t\t\t<style>\r\n  .patentBtn1{\r\n    position:relative; display:block; width:100%;\r\n    border-radius:20px; overflow:hidden; text-decoration:none; color:#fff;\r\n    min-height:400px; aspect-ratio:16\/9;\r\n    box-shadow:0 12px 30px rgba(0,0,0,.08); background:#0a0a0a; isolation:isolate;\r\n    --peek: 70px;    \/* hauteur visible au repos *\/\r\n    --open: 260px;   \/* hauteur ouverte au hover *\/\r\n  }\r\n  .patentBtn1::before{\r\n    content:\"\"; position:absolute; inset:0; z-index:0;\r\n    background-image: var(--bg1), radial-gradient(80% 100% at 50% 10%, #1c1c1c 0%, #0a0a0a 100%);\r\n    background-size:cover; background-position:center;\r\n    transform:scale(1.02); transition:.35s cubic-bezier(.2,.8,.2,1);\r\n  }\r\n  .patentBtn1::after{\r\n    content:\"\"; position:absolute; inset:0; z-index:1;\r\n    background: linear-gradient(180deg, rgba(0,0,0,0.00) 30%, rgba(0,0,0,.55) 100%);\r\n  }\r\n  .patentBtn1:hover::before{ transform:scale(1.06); filter:saturate(1.05) contrast(1.05); }\r\n\r\n  .patentBtn1 .inner{\r\n    position:absolute; left:0; right:0; bottom:0; z-index:2;\r\n    background: rgba(0,0,0,.6); backdrop-filter: blur(4px);\r\n    overflow:hidden; max-height: var(--peek);\r\n    transition: max-height .4s cubic-bezier(.2,.8,.2,1);\r\n    padding:18px 20px 16px;\r\n  }\r\n  .patentBtn1:hover .inner{ max-height: var(--open); }\r\n\r\n  .patentBtn1 .patentTitle{\r\n    margin:0 0 8px; color:#fff;\r\n    font-weight:700;\r\n    font-size: clamp(16px, 2vw, 20px); \/* ordre correct *\/\r\n    line-height:1.25;\r\n    font-family: system-ui,-apple-system,\"Helvetica Neue\",Arial;\r\n  }\r\n  .patentBtn1 .patentDesc{\r\n    margin:10px 0 0; color:#ddd; font-size:clamp(13px,1.6vw,15px); line-height:1.5;\r\n  }\r\n<\/style>\r\n\r\n<a class=\"patentBtn1\"  rel=\"noopener\"\r\n   style=\"--bg1:url('https:\/\/wp.axid-system.com\/wp-content\/uploads\/2025\/11\/QWNO9204.webp');          --peek:83px; --open:260px;\">\r\n  <div class=\"inner\">\r\n    <h3 class=\"patentTitle\">2022 : CENTRALE PHOTOVOLTAIQUE 100kWc -  EXPLOITATION AGRICOLE-REVENTE TOTALE- (St BENOIT 04)<br><br><\/h3>\r\n    <p class=\"patentDesc\">\r\n       Centrale photovoltaique avec partie experimentatale des  modules PV  bifacial sur bac acier blanc (+ 15% de production) \r\n     \r\n    <\/p>\r\n  <\/div>\r\n<\/a>\r\n\t\t\t\t<\/div>\n\t\t\t\t<div class=\"elementor-element elementor-element-06b23b7 elementor-widget elementor-widget-html\" data-id=\"06b23b7\" data-element_type=\"widget\" data-widget_type=\"html.default\">\n\t\t\t\t\t<style>\r\n  .patentBtn1{\r\n    position:relative; display:block; width:100%;\r\n    border-radius:20px; overflow:hidden; text-decoration:none; color:#fff;\r\n    min-height:400px; aspect-ratio:16\/9;\r\n    box-shadow:0 12px 30px rgba(0,0,0,.08); background:#0a0a0a; isolation:isolate;\r\n    --peek: 70px;    \/* hauteur visible au repos *\/\r\n    --open: 260px;   \/* hauteur ouverte au hover *\/\r\n  }\r\n  .patentBtn1::before{\r\n    content:\"\"; position:absolute; inset:0; z-index:0;\r\n    background-image: var(--bg1), radial-gradient(80% 100% at 50% 10%, #1c1c1c 0%, #0a0a0a 100%);\r\n    background-size:cover; background-position:center;\r\n    transform:scale(1.02); transition:.35s cubic-bezier(.2,.8,.2,1);\r\n  }\r\n  .patentBtn1::after{\r\n    content:\"\"; position:absolute; inset:0; z-index:1;\r\n    background: linear-gradient(180deg, rgba(0,0,0,0.00) 30%, rgba(0,0,0,.55) 100%);\r\n  }\r\n  .patentBtn1:hover::before{ transform:scale(1.06); filter:saturate(1.05) contrast(1.05); }\r\n\r\n  .patentBtn1 .inner{\r\n    position:absolute; left:0; right:0; bottom:0; z-index:2;\r\n    background: rgba(0,0,0,.6); backdrop-filter: blur(4px);\r\n    overflow:hidden; max-height: var(--peek);\r\n    transition: max-height .4s cubic-bezier(.2,.8,.2,1);\r\n    padding:18px 20px 16px;\r\n  }\r\n  .patentBtn1:hover .inner{ max-height: var(--open); }\r\n\r\n  .patentBtn1 .patentTitle{\r\n    margin:0 0 8px; color:#fff;\r\n    font-weight:700;\r\n    font-size: clamp(16px, 2vw, 20px); \/* ordre correct *\/\r\n    line-height:1.25;\r\n    font-family: system-ui,-apple-system,\"Helvetica Neue\",Arial;\r\n  }\r\n  .patentBtn1 .patentDesc{\r\n    margin:10px 0 0; color:#ddd; font-size:clamp(13px,1.6vw,15px); line-height:1.5;\r\n  }\r\n<\/style>\r\n\r\n<a class=\"patentBtn1\"  rel=\"noopener\"\r\n   style=\"--bg1:url('https:\/\/wp.axid-system.com\/wp-content\/uploads\/2025\/11\/ESTT6329.webp');          --peek:83px; --open:260px;\">\r\n  <div class=\"inner\">\r\n    <h3 class=\"patentTitle\">2024 : INSTALLATION PHOTOVOLTAIQUE 36kWc  CHEVRERIE- REVENTE TOTALE  - La Rochette (04)<br><br><\/h3>\r\n    <p class=\"patentDesc\">\r\n       Centrale photovoltaique sur hangars avec couverture tole PST avec onduleur KEHUA FRANCE\r\n    <\/p>\r\n  <\/div>\r\n<\/a>\r\n\t\t\t\t<\/div>\n\t\t\t\t<div class=\"elementor-element elementor-element-7d75fd9 elementor-widget elementor-widget-html\" data-id=\"7d75fd9\" data-element_type=\"widget\" data-widget_type=\"html.default\">\n\t\t\t\t\t<style>\r\n  .patentBtn1{\r\n    position:relative; display:block; width:100%;\r\n    border-radius:20px; overflow:hidden; text-decoration:none; color:#fff;\r\n    min-height:400px; aspect-ratio:16\/9;\r\n    box-shadow:0 12px 30px rgba(0,0,0,.08); background:#0a0a0a; isolation:isolate;\r\n    --peek: 70px;    \/* hauteur visible au repos *\/\r\n    --open: 260px;   \/* hauteur ouverte au hover *\/\r\n  }\r\n  .patentBtn1::before{\r\n    content:\"\"; position:absolute; inset:0; z-index:0;\r\n    background-image: var(--bg1), radial-gradient(80% 100% at 50% 10%, #1c1c1c 0%, #0a0a0a 100%);\r\n    background-size:cover; background-position:center;\r\n    transform:scale(1.02); transition:.35s cubic-bezier(.2,.8,.2,1);\r\n  }\r\n  .patentBtn1::after{\r\n    content:\"\"; position:absolute; inset:0; z-index:1;\r\n    background: linear-gradient(180deg, rgba(0,0,0,0.00) 30%, rgba(0,0,0,.55) 100%);\r\n  }\r\n  .patentBtn1:hover::before{ transform:scale(1.06); filter:saturate(1.05) contrast(1.05); }\r\n\r\n  .patentBtn1 .inner{\r\n    position:absolute; left:0; right:0; bottom:0; z-index:2;\r\n    background: rgba(0,0,0,.6); backdrop-filter: blur(4px);\r\n    overflow:hidden; max-height: var(--peek);\r\n    transition: max-height .4s cubic-bezier(.2,.8,.2,1);\r\n    padding:18px 20px 16px;\r\n  }\r\n  .patentBtn1:hover .inner{ max-height: var(--open); }\r\n\r\n  .patentBtn1 .patentTitle{\r\n    margin:0 0 8px; color:#fff;\r\n    font-weight:700;\r\n    font-size: clamp(16px, 2vw, 20px); \/* ordre correct *\/\r\n    line-height:1.25;\r\n    font-family: system-ui,-apple-system,\"Helvetica Neue\",Arial;\r\n  }\r\n  .patentBtn1 .patentDesc{\r\n    margin:10px 0 0; color:#ddd; font-size:clamp(13px,1.6vw,15px); line-height:1.5;\r\n  }\r\n<\/style>\r\n\r\n<a class=\"patentBtn1\"  rel=\"noopener\"\r\n   style=\"--bg1:url('https:\/\/wp.axid-system.com\/wp-content\/uploads\/2025\/11\/CQOT7821.webp');          --peek:83px; --open:260px;\">\r\n  <div class=\"inner\">\r\n    <h3 class=\"patentTitle\">2020 : CENTRALE PHOTOVOLTAIQUE 36kWc HANGARD AGRICOLE et 6kWc AUTOCONSOMATION MAISON (ST BENOIT 04) <br><br><\/h3>\r\n    <p class=\"patentDesc\">\r\n      Centrale photovoltaique sur hangars avec couverture bac acier avec Onduleurs FRONIUS \r\n    <\/p>\r\n  <\/div>\r\n<\/a>\r\n\t\t\t\t<\/div>\n\t\t\t\t<div class=\"elementor-element elementor-element-47790b0 elementor-widget elementor-widget-html\" data-id=\"47790b0\" data-element_type=\"widget\" data-widget_type=\"html.default\">\n\t\t\t\t\t<style>\r\n  .patentBtn1{\r\n    position:relative; display:block; width:100%;\r\n    border-radius:20px; overflow:hidden; text-decoration:none; color:#fff;\r\n    min-height:400px; aspect-ratio:16\/9;\r\n    box-shadow:0 12px 30px rgba(0,0,0,.08); background:#0a0a0a; isolation:isolate;\r\n    --peek: 70px;    \/* hauteur visible au repos *\/\r\n    --open: 260px;   \/* hauteur ouverte au hover *\/\r\n  }\r\n  .patentBtn1::before{\r\n    content:\"\"; position:absolute; inset:0; z-index:0;\r\n    background-image: var(--bg1), radial-gradient(80% 100% at 50% 10%, #1c1c1c 0%, #0a0a0a 100%);\r\n    background-size:cover; background-position:center;\r\n    transform:scale(1.02); transition:.35s cubic-bezier(.2,.8,.2,1);\r\n  }\r\n  .patentBtn1::after{\r\n    content:\"\"; position:absolute; inset:0; z-index:1;\r\n    background: linear-gradient(180deg, rgba(0,0,0,0.00) 30%, rgba(0,0,0,.55) 100%);\r\n  }\r\n  .patentBtn1:hover::before{ transform:scale(1.06); filter:saturate(1.05) contrast(1.05); }\r\n\r\n  .patentBtn1 .inner{\r\n    position:absolute; left:0; right:0; bottom:0; z-index:2;\r\n    background: rgba(0,0,0,.6); backdrop-filter: blur(4px);\r\n    overflow:hidden; max-height: var(--peek);\r\n    transition: max-height .4s cubic-bezier(.2,.8,.2,1);\r\n    padding:18px 20px 16px;\r\n  }\r\n  .patentBtn1:hover .inner{ max-height: var(--open); }\r\n\r\n  .patentBtn1 .patentTitle{\r\n    margin:0 0 8px; color:#fff;\r\n    font-weight:700;\r\n    font-size: clamp(16px, 2vw, 20px); \/* ordre correct *\/\r\n    line-height:1.25;\r\n    font-family: system-ui,-apple-system,\"Helvetica Neue\",Arial;\r\n  }\r\n  .patentBtn1 .patentDesc{\r\n    margin:10px 0 0; color:#ddd; font-size:clamp(13px,1.6vw,15px); line-height:1.5;\r\n  }\r\n<\/style>\r\n\r\n<a class=\"patentBtn1\"  rel=\"noopener\"\r\n   style=\"--bg1:url('https:\/\/wp.axid-system.com\/wp-content\/uploads\/2025\/11\/UELN3398.webp');          --peek:83px; --open:260px;\">\r\n  <div class=\"inner\">\r\n    <h3 class=\"patentTitle\">2024 : CENTRALE PHOTOVOLTAIQUE 9kWc AUTOCONSOMATION REVENTE DE SURPLUS MAISON (ST BENOIT 04) <br><br><\/h3>\r\n    <p class=\"patentDesc\">\r\n      Centrale photovoltaique sur villa jumell\u00e9 avec couverture t\u00f4le PST et Onduleurs FRONIUS \r\n    <\/p>\r\n  <\/div>\r\n<\/a>\r\n\t\t\t\t<\/div>\n\t\t\t\t<div class=\"elementor-element elementor-element-0294412 elementor-widget elementor-widget-html\" data-id=\"0294412\" data-element_type=\"widget\" data-widget_type=\"html.default\">\n\t\t\t\t\t<style>\r\n  .patentBtn1{\r\n    position:relative; display:block; width:100%;\r\n    border-radius:20px; overflow:hidden; text-decoration:none; color:#fff;\r\n    min-height:400px; aspect-ratio:16\/9;\r\n    box-shadow:0 12px 30px rgba(0,0,0,.08); background:#0a0a0a; isolation:isolate;\r\n    --peek: 70px;    \/* hauteur visible au repos *\/\r\n    --open: 260px;   \/* hauteur ouverte au hover *\/\r\n  }\r\n  .patentBtn1::before{\r\n    content:\"\"; position:absolute; inset:0; z-index:0;\r\n    background-image: var(--bg1), radial-gradient(80% 100% at 50% 10%, #1c1c1c 0%, #0a0a0a 100%);\r\n    background-size:cover; background-position:center;\r\n    transform:scale(1.02); transition:.35s cubic-bezier(.2,.8,.2,1);\r\n  }\r\n  .patentBtn1::after{\r\n    content:\"\"; position:absolute; inset:0; z-index:1;\r\n    background: linear-gradient(180deg, rgba(0,0,0,0.00) 30%, rgba(0,0,0,.55) 100%);\r\n  }\r\n  .patentBtn1:hover::before{ transform:scale(1.06); filter:saturate(1.05) contrast(1.05); }\r\n\r\n  .patentBtn1 .inner{\r\n    position:absolute; left:0; right:0; bottom:0; z-index:2;\r\n    background: rgba(0,0,0,.6); backdrop-filter: blur(4px);\r\n    overflow:hidden; max-height: var(--peek);\r\n    transition: max-height .4s cubic-bezier(.2,.8,.2,1);\r\n    padding:18px 20px 16px;\r\n  }\r\n  .patentBtn1:hover .inner{ max-height: var(--open); }\r\n\r\n  .patentBtn1 .patentTitle{\r\n    margin:0 0 8px; color:#fff;\r\n    font-weight:700;\r\n    font-size: clamp(16px, 2vw, 20px); \/* ordre correct *\/\r\n    line-height:1.25;\r\n    font-family: system-ui,-apple-system,\"Helvetica Neue\",Arial;\r\n  }\r\n  .patentBtn1 .patentDesc{\r\n    margin:10px 0 0; color:#ddd; font-size:clamp(13px,1.6vw,15px); line-height:1.5;\r\n  }\r\n<\/style>\r\n\r\n<a class=\"patentBtn1\"  rel=\"noopener\"\r\n   style=\"--bg1:url('https:\/\/wp.axid-system.com\/wp-content\/uploads\/2025\/11\/IMG_5785-scaled.webp');          --peek:83px; --open:260px;\">\r\n  <div class=\"inner\">\r\n    <h3 class=\"patentTitle\">2020 :CENTRALE PHOTOVOLTAIQUE 9kWc AUTOCONSOMATION ET PILOTAGE CHAUFFE EAU (ST JEANNET 06) <br><br><\/h3>\r\n    <p class=\"patentDesc\">\r\n      Centrale photovoltaique sur villa avec  couverture Tuiles m\u00e9canique et Onduleurs FRONIUS \r\n    <\/p>\r\n  <\/div>\r\n<\/a>\r\n\t\t\t\t<\/div>\n\t\t\t\t<\/div>\n\t\t\t\t\t<\/div>\n\t\t\t\t<\/div>\n\t\t\t\t<\/div>","protected":false},"excerpt":{"rendered":"<p>Exemples de projets Photovolta\u00efque 2025 : INSTALLATION ONDULEURS VERTO &#8211; Soci\u00e9t\u00e9 AXUN (06) Installation de 6 onduleurs pour une centrale [&hellip;]<\/p>\n","protected":false},"author":1,"featured_media":0,"parent":0,"menu_order":0,"comment_status":"closed","ping_status":"closed","template":"","meta":{"site-sidebar-layout":"no-sidebar","site-content-layout":"page-builder","ast-site-content-layout":"full-width-container","site-content-style":"unboxed","site-sidebar-style":"unboxed","ast-global-header-display":"","ast-banner-title-visibility":"","ast-main-header-display":"","ast-hfb-above-header-display":"","ast-hfb-below-header-display":"","ast-hfb-mobile-header-display":"","site-post-title":"disabled","ast-breadcrumbs-content":"","ast-featured-img":"disabled","footer-sml-layout":"","ast-disable-related-posts":"","theme-transparent-header-meta":"","adv-header-id-meta":"","stick-header-meta":"","header-above-stick-meta":"","header-main-stick-meta":"","header-below-stick-meta":"","astra-migrate-meta-layouts":"set","ast-page-background-enabled":"default","ast-page-background-meta":{"desktop":{"background-color":"var(--ast-global-color-4)","background-image":"","background-repeat":"repeat","background-position":"center center","background-size":"auto","background-attachment":"scroll","background-type":"","background-media":"","overlay-type":"","overlay-color":"","overlay-opacity":"","overlay-gradient":""},"tablet":{"background-color":"","background-image":"","background-repeat":"repeat","background-position":"center center","background-size":"auto","background-attachment":"scroll","background-type":"","background-media":"","overlay-type":"","overlay-color":"","overlay-opacity":"","overlay-gradient":""},"mobile":{"background-color":"","background-image":"","background-repeat":"repeat","background-position":"center center","background-size":"auto","background-attachment":"scroll","background-type":"","background-media":"","overlay-type":"","overlay-color":"","overlay-opacity":"","overlay-gradient":""}},"ast-content-background-meta":{"desktop":{"background-color":"var(--ast-global-color-5)","background-image":"","background-repeat":"repeat","background-position":"center center","background-size":"auto","background-attachment":"scroll","background-type":"","background-media":"","overlay-type":"","overlay-color":"","overlay-opacity":"","overlay-gradient":""},"tablet":{"background-color":"var(--ast-global-color-5)","background-image":"","background-repeat":"repeat","background-position":"center center","background-size":"auto","background-attachment":"scroll","background-type":"","background-media":"","overlay-type":"","overlay-color":"","overlay-opacity":"","overlay-gradient":""},"mobile":{"background-color":"var(--ast-global-color-5)","background-image":"","background-repeat":"repeat","background-position":"center center","background-size":"auto","background-attachment":"scroll","background-type":"","background-media":"","overlay-type":"","overlay-color":"","overlay-opacity":"","overlay-gradient":""}},"footnotes":""},"class_list":["post-3579","page","type-page","status-publish","hentry"],"_links":{"self":[{"href":"https:\/\/wp.axid-system.com\/en\/wp-json\/wp\/v2\/pages\/3579","targetHints":{"allow":["GET"]}}],"collection":[{"href":"https:\/\/wp.axid-system.com\/en\/wp-json\/wp\/v2\/pages"}],"about":[{"href":"https:\/\/wp.axid-system.com\/en\/wp-json\/wp\/v2\/types\/page"}],"author":[{"embeddable":true,"href":"https:\/\/wp.axid-system.com\/en\/wp-json\/wp\/v2\/users\/1"}],"replies":[{"embeddable":true,"href":"https:\/\/wp.axid-system.com\/en\/wp-json\/wp\/v2\/comments?post=3579"}],"version-history":[{"count":20,"href":"https:\/\/wp.axid-system.com\/en\/wp-json\/wp\/v2\/pages\/3579\/revisions"}],"predecessor-version":[{"id":3759,"href":"https:\/\/wp.axid-system.com\/en\/wp-json\/wp\/v2\/pages\/3579\/revisions\/3759"}],"wp:attachment":[{"href":"https:\/\/wp.axid-system.com\/en\/wp-json\/wp\/v2\/media?parent=3579"}],"curies":[{"name":"wp","href":"https:\/\/api.w.org\/{rel}","templated":true}]}}