{"id":2647,"date":"2025-08-25T07:40:45","date_gmt":"2025-08-25T07:40:45","guid":{"rendered":"https:\/\/wp.axid-system.com\/?page_id=2647"},"modified":"2025-10-08T08:07:46","modified_gmt":"2025-10-08T08:07:46","slug":"mentions-legales","status":"publish","type":"page","link":"https:\/\/wp.axid-system.com\/en\/mentions-legales\/","title":{"rendered":"Legal Notice"},"content":{"rendered":"<div data-elementor-type=\"wp-page\" data-elementor-id=\"2647\" class=\"elementor elementor-2647\">\n\t\t\t\t<div class=\"elementor-element elementor-element-e0eabd2 e-flex e-con-boxed e-con e-parent\" data-id=\"e0eabd2\" data-element_type=\"container\">\n\t\t\t\t\t<div class=\"e-con-inner\">\n\t\t\t\t<div class=\"elementor-element elementor-element-e5bedef elementor-widget elementor-widget-heading\" data-id=\"e5bedef\" data-element_type=\"widget\" data-widget_type=\"heading.default\">\n\t\t\t\t\t<h1 class=\"elementor-heading-title elementor-size-default\"><h2 data-elementor-setting-key=\"title\" data-pen-placeholder=\"\u00c9crivez ici...\" style=\"font-style: normal;text-align: left\">Legal Notice and Terms of Use (ToU)<span style=\"font-size: 50px;font-style: inherit;text-align: center\"><\/span><\/h2><\/h1>\t\t\t\t<\/div>\n\t\t\t\t\t<\/div>\n\t\t\t\t<\/div>\n\t\t<div class=\"elementor-element elementor-element-7128613 e-flex e-con-boxed e-con e-parent\" data-id=\"7128613\" data-element_type=\"container\" data-settings=\"{&quot;background_background&quot;:&quot;classic&quot;}\">\n\t\t\t\t\t<div class=\"e-con-inner\">\n\t\t<div class=\"elementor-element elementor-element-91c7dd4 e-con-full e-flex e-con e-child\" data-id=\"91c7dd4\" data-element_type=\"container\">\n\t\t\t\t<div class=\"elementor-element elementor-element-cf36fcb elementor-widget elementor-widget-text-editor\" data-id=\"cf36fcb\" data-element_type=\"widget\" data-widget_type=\"text-editor.default\">\n\t\t\t\t\t\t\t\t\t<p>In accordance with international conventions on intellectual property, this work is protected.<\/p>\t\t\t\t\t\t\t\t<\/div>\n\t\t\t\t<div class=\"elementor-element elementor-element-4f96cd3 elementor-widget elementor-widget-text-editor\" data-id=\"4f96cd3\" data-element_type=\"widget\" data-widget_type=\"text-editor.default\">\n\t\t\t\t\t\t\t\t\t<p><strong>1. Person responsible for the website content:<\/strong><\/p><ul><li>Raison sociale : G.S. ELEC<\/li><li>Si\u00e8ge social : 971 Route du BREC 04320 ENTREVAUX<\/li><li>T\u00e9l\u00e9phone : +33 493 027 149<\/li><li>Capital social : 20 000 \u20ac<\/li><li>RCS :\u00a0Manosque B 502453681<\/li><li>N\u00b0 TVA :\u00a0FR67502453681<\/li><li>APE :\u00a02712Z<\/li><\/ul><p>This site is subject to French law.<\/p><p><strong>2. Publication Director:<\/strong><\/p><p>S\u00e9bastien GUIBERT, Pr\u00e9sident de GS ELEC<\/p><p><strong>3. Website hosting:<\/strong><\/p><ul><li>Company name : OVHcloud<\/li><li>Registered office : 2 rue Kellermann, 59100 ROUBAIX, France<\/li><\/ul><p><strong>4. reCAPTCHA :<\/strong><\/p><p>This site integrates Google Inc.'s reCAPTCHA version 3 service; the use of this feature is subject to Google's Privacy Policy and Terms of Service.<\/p>\t\t\t\t\t\t\t\t<\/div>\n\t\t\t\t<div class=\"elementor-element elementor-element-ef8b65a elementor-widget elementor-widget-spacer\" data-id=\"ef8b65a\" data-element_type=\"widget\" data-widget_type=\"spacer.default\">\n\t\t\t\t\t\t\t<div class=\"elementor-spacer\">\n\t\t\t<div class=\"elementor-spacer-inner\"><\/div>\n\t\t<\/div>\n\t\t\t\t\t\t<\/div>\n\t\t\t\t<\/div>\n\t\t\t\t\t<\/div>\n\t\t\t\t<\/div>\n\t\t\t\t<\/div>","protected":false},"excerpt":{"rendered":"<p>Mentions L\u00e9gales et Conditions g\u00e9n\u00e9rales d&rsquo;utilisation (CGU) Conform\u00e9ment aux conventions internationales relatives \u00e0 la propri\u00e9t\u00e9 intellectuelle, cette oeuvre est prot\u00e9g\u00e9e. [&hellip;]<\/p>\n","protected":false},"author":1,"featured_media":0,"parent":0,"menu_order":0,"comment_status":"closed","ping_status":"closed","template":"","meta":{"site-sidebar-layout":"no-sidebar","site-content-layout":"page-builder","ast-site-content-layout":"full-width-container","site-content-style":"unboxed","site-sidebar-style":"unboxed","ast-global-header-display":"","ast-banner-title-visibility":"","ast-main-header-display":"","ast-hfb-above-header-display":"","ast-hfb-below-header-display":"","ast-hfb-mobile-header-display":"","site-post-title":"disabled","ast-breadcrumbs-content":"","ast-featured-img":"disabled","footer-sml-layout":"","ast-disable-related-posts":"","theme-transparent-header-meta":"","adv-header-id-meta":"","stick-header-meta":"","header-above-stick-meta":"","header-main-stick-meta":"","header-below-stick-meta":"","astra-migrate-meta-layouts":"set","ast-page-background-enabled":"default","ast-page-background-meta":{"desktop":{"background-color":"var(--ast-global-color-4)","background-image":"","background-repeat":"repeat","background-position":"center center","background-size":"auto","background-attachment":"scroll","background-type":"","background-media":"","overlay-type":"","overlay-color":"","overlay-opacity":"","overlay-gradient":""},"tablet":{"background-color":"","background-image":"","background-repeat":"repeat","background-position":"center center","background-size":"auto","background-attachment":"scroll","background-type":"","background-media":"","overlay-type":"","overlay-color":"","overlay-opacity":"","overlay-gradient":""},"mobile":{"background-color":"","background-image":"","background-repeat":"repeat","background-position":"center center","background-size":"auto","background-attachment":"scroll","background-type":"","background-media":"","overlay-type":"","overlay-color":"","overlay-opacity":"","overlay-gradient":""}},"ast-content-background-meta":{"desktop":{"background-color":"var(--ast-global-color-5)","background-image":"","background-repeat":"repeat","background-position":"center center","background-size":"auto","background-attachment":"scroll","background-type":"","background-media":"","overlay-type":"","overlay-color":"","overlay-opacity":"","overlay-gradient":""},"tablet":{"background-color":"var(--ast-global-color-5)","background-image":"","background-repeat":"repeat","background-position":"center center","background-size":"auto","background-attachment":"scroll","background-type":"","background-media":"","overlay-type":"","overlay-color":"","overlay-opacity":"","overlay-gradient":""},"mobile":{"background-color":"var(--ast-global-color-5)","background-image":"","background-repeat":"repeat","background-position":"center center","background-size":"auto","background-attachment":"scroll","background-type":"","background-media":"","overlay-type":"","overlay-color":"","overlay-opacity":"","overlay-gradient":""}},"footnotes":""},"class_list":["post-2647","page","type-page","status-publish","hentry"],"_links":{"self":[{"href":"https:\/\/wp.axid-system.com\/en\/wp-json\/wp\/v2\/pages\/2647","targetHints":{"allow":["GET"]}}],"collection":[{"href":"https:\/\/wp.axid-system.com\/en\/wp-json\/wp\/v2\/pages"}],"about":[{"href":"https:\/\/wp.axid-system.com\/en\/wp-json\/wp\/v2\/types\/page"}],"author":[{"embeddable":true,"href":"https:\/\/wp.axid-system.com\/en\/wp-json\/wp\/v2\/users\/1"}],"replies":[{"embeddable":true,"href":"https:\/\/wp.axid-system.com\/en\/wp-json\/wp\/v2\/comments?post=2647"}],"version-history":[{"count":30,"href":"https:\/\/wp.axid-system.com\/en\/wp-json\/wp\/v2\/pages\/2647\/revisions"}],"predecessor-version":[{"id":3073,"href":"https:\/\/wp.axid-system.com\/en\/wp-json\/wp\/v2\/pages\/2647\/revisions\/3073"}],"wp:attachment":[{"href":"https:\/\/wp.axid-system.com\/en\/wp-json\/wp\/v2\/media?parent=2647"}],"curies":[{"name":"wp","href":"https:\/\/api.w.org\/{rel}","templated":true}]}}