{"id":2621,"date":"2025-08-25T06:51:17","date_gmt":"2025-08-25T06:51:17","guid":{"rendered":"https:\/\/wp.axid-system.com\/?page_id=2621"},"modified":"2025-10-22T13:42:28","modified_gmt":"2025-10-22T13:42:28","slug":"actualites","status":"publish","type":"page","link":"https:\/\/wp.axid-system.com\/en\/actualites\/","title":{"rendered":"Installateur RGE ?"},"content":{"rendered":"<div data-elementor-type=\"wp-page\" data-elementor-id=\"2621\" class=\"elementor elementor-2621\">\n\t\t\t\t<div class=\"elementor-element elementor-element-2ac06ca e-flex e-con-boxed e-con e-parent\" data-id=\"2ac06ca\" data-element_type=\"container\" data-settings=\"{&quot;background_background&quot;:&quot;classic&quot;}\">\n\t\t\t\t\t<div class=\"e-con-inner\">\n\t\t<div class=\"elementor-element elementor-element-8be076c e-con-full e-flex e-con e-child\" data-id=\"8be076c\" data-element_type=\"container\" data-settings=\"{&quot;background_background&quot;:&quot;classic&quot;}\">\n\t\t<div class=\"elementor-element elementor-element-d7ceb8e e-con-full e-flex e-con e-child\" data-id=\"d7ceb8e\" data-element_type=\"container\">\n\t\t\t\t<div class=\"elementor-element elementor-element-63362f8 elementor-widget elementor-widget-icon-box\" data-id=\"63362f8\" data-element_type=\"widget\" data-widget_type=\"icon-box.default\">\n\t\t\t\t\t\t\t<div class=\"elementor-icon-box-wrapper\">\n\n\t\t\t\n\t\t\t\t\t\t<div class=\"elementor-icon-box-content\">\n\n\t\t\t\t\t\t\t\t\t<h2 class=\"elementor-icon-box-title\">\n\t\t\t\t\t\t<span  >\n\t\t\t\t\t\t\tQue signifie RGE ? \t\t\t\t\t\t<\/span>\n\t\t\t\t\t<\/h2>\n\t\t\t\t\n\t\t\t\t\t\t\t\t\t<p class=\"elementor-icon-box-description\">\n\t\t\t\t\t\tRGE signifie \u00ab Reconnu Garant de l\u2019Environnement \u00bb.\nC\u2019est un label officiel d\u00e9livr\u00e9 par l\u2019\u00c9tat fran\u00e7ais qui identifie les entreprises et artisans qualifi\u00e9s pour r\u00e9aliser des travaux de r\u00e9novation \u00e9nerg\u00e9tique dans le respect de crit\u00e8res techniques et environnementaux pr\u00e9cis.\n\n \t\t\t\t\t<\/p>\n\t\t\t\t\n\t\t\t<\/div>\n\t\t\t\n\t\t<\/div>\n\t\t\t\t\t\t<\/div>\n\t\t\t\t<div class=\"elementor-element elementor-element-2a95107 elementor-widget elementor-widget-button\" data-id=\"2a95107\" data-element_type=\"widget\" data-widget_type=\"button.default\">\n\t\t\t\t\t\t\t\t\t\t<a class=\"elementor-button elementor-button-link elementor-size-sm\" href=\"https:\/\/www.qualit-enr.org\/pourquoi-choisir-une-entreprise-rge-pour-vos-travaux-de-renovation\/\">\n\t\t\t\t\t\t<span class=\"elementor-button-content-wrapper\">\n\t\t\t\t\t\t\t\t\t<span class=\"elementor-button-text\">Read more<\/span>\n\t\t\t\t\t<\/span>\n\t\t\t\t\t<\/a>\n\t\t\t\t\t\t\t\t<\/div>\n\t\t\t\t<\/div>\n\t\t<div class=\"elementor-element elementor-element-9a1803a e-con-full e-flex e-con e-child\" data-id=\"9a1803a\" data-element_type=\"container\">\n\t\t\t\t<div class=\"elementor-element elementor-element-7d9333e elementor-widget elementor-widget-image\" data-id=\"7d9333e\" data-element_type=\"widget\" data-widget_type=\"image.default\">\n\t\t\t\t\t\t\t\t\t\t\t\t\t\t\t<img fetchpriority=\"high\" decoding=\"async\" width=\"300\" height=\"197\" src=\"https:\/\/wp.axid-system.com\/wp-content\/uploads\/2025\/10\/logo-QualiPV-2025-RGE-300x197.webp\" class=\"attachment-medium size-medium wp-image-3085 not-transparent\" alt=\"\" srcset=\"https:\/\/wp.axid-system.com\/wp-content\/uploads\/2025\/10\/logo-QualiPV-2025-RGE-300x197.webp 300w, https:\/\/wp.axid-system.com\/wp-content\/uploads\/2025\/10\/logo-QualiPV-2025-RGE-1024x672.webp 1024w, https:\/\/wp.axid-system.com\/wp-content\/uploads\/2025\/10\/logo-QualiPV-2025-RGE-768x504.webp 768w, https:\/\/wp.axid-system.com\/wp-content\/uploads\/2025\/10\/logo-QualiPV-2025-RGE-18x12.webp 18w, https:\/\/wp.axid-system.com\/wp-content\/uploads\/2025\/10\/logo-QualiPV-2025-RGE.webp 1076w\" sizes=\"(max-width: 300px) 100vw, 300px\" data-has-transparency=\"false\" data-dominant-color=\"b4b9c0\" style=\"--dominant-color: #b4b9c0\" \/>\t\t\t\t\t\t\t\t\t\t\t\t\t\t\t<\/div>\n\t\t\t\t<\/div>\n\t\t\t\t<\/div>\n\t\t\t\t\t<\/div>\n\t\t\t\t<\/div>\n\t\t<div class=\"elementor-element elementor-element-93a4213 e-flex e-con-boxed e-con e-parent\" data-id=\"93a4213\" data-element_type=\"container\" data-settings=\"{&quot;background_background&quot;:&quot;classic&quot;}\">\n\t\t\t\t\t<div class=\"e-con-inner\">\n\t\t<div class=\"elementor-element elementor-element-f51274b e-con-full e-flex e-con e-child\" data-id=\"f51274b\" data-element_type=\"container\" data-settings=\"{&quot;background_background&quot;:&quot;classic&quot;}\">\n\t\t<div class=\"elementor-element elementor-element-0d50e6d e-con-full e-flex e-con e-child\" data-id=\"0d50e6d\" data-element_type=\"container\">\n\t\t\t\t<div class=\"elementor-element elementor-element-cf83086 elementor-widget elementor-widget-icon-box\" data-id=\"cf83086\" data-element_type=\"widget\" data-widget_type=\"icon-box.default\">\n\t\t\t\t\t\t\t<div class=\"elementor-icon-box-wrapper\">\n\n\t\t\t\n\t\t\t\t\t\t<div class=\"elementor-icon-box-content\">\n\n\t\t\t\t\t\t\t\t\t<h2 class=\"elementor-icon-box-title\">\n\t\t\t\t\t\t<span  >\n\t\t\t\t\t\t\tPourquoi choisir un installateur qualifi\u00e9 RGE ? \t\t\t\t\t\t<\/span>\n\t\t\t\t\t<\/h2>\n\t\t\t\t\n\t\t\t\t\t\t\t\t\t<p class=\"elementor-icon-box-description\">\n\t\t\t\t\t\tFaire appel \u00e0 un professionnel certifi\u00e9 RGE pour vos travaux de r\u00e9novation \u00e9nerg\u00e9tique, c\u2019est b\u00e9n\u00e9ficier \u00e0 la fois des aides financi\u00e8res disponibles et de la garantie d\u2019une r\u00e9alisation conforme aux r\u00e8gles de l\u2019art. Ces professionnels qualifi\u00e9s s\u2019engagent dans une d\u00e9marche qualit\u00e9 exigeante, faisant l\u2019objet de contr\u00f4les r\u00e9guliers pour assurer la fiabilit\u00e9 et la performance de vos travaux.\n\n \t\t\t\t\t<\/p>\n\t\t\t\t\n\t\t\t<\/div>\n\t\t\t\n\t\t<\/div>\n\t\t\t\t\t\t<\/div>\n\t\t\t\t<div class=\"elementor-element elementor-element-f388f06 elementor-widget elementor-widget-button\" data-id=\"f388f06\" data-element_type=\"widget\" data-widget_type=\"button.default\">\n\t\t\t\t\t\t\t\t\t\t<a class=\"elementor-button elementor-button-link elementor-size-sm\" href=\"\/en\/a-propos\/\">\n\t\t\t\t\t\t<span class=\"elementor-button-content-wrapper\">\n\t\t\t\t\t\t\t\t\t<span class=\"elementor-button-text\">Read more<\/span>\n\t\t\t\t\t<\/span>\n\t\t\t\t\t<\/a>\n\t\t\t\t\t\t\t\t<\/div>\n\t\t\t\t<\/div>\n\t\t<div class=\"elementor-element elementor-element-75cb6c9 e-con-full e-flex e-con e-child\" data-id=\"75cb6c9\" data-element_type=\"container\">\n\t\t\t\t<div class=\"elementor-element elementor-element-7bd08d1 elementor-widget elementor-widget-video\" data-id=\"7bd08d1\" data-element_type=\"widget\" data-settings=\"{&quot;youtube_url&quot;:&quot;https:\\\/\\\/www.youtube.com\\\/watch?v=CN_i-QOj6j4&quot;,&quot;video_type&quot;:&quot;youtube&quot;,&quot;controls&quot;:&quot;yes&quot;}\" data-widget_type=\"video.default\">\n\t\t\t\t\t\t\t<div class=\"elementor-wrapper elementor-open-inline\">\n\t\t\t<div class=\"elementor-video\"><\/div>\t\t<\/div>\n\t\t\t\t\t\t<\/div>\n\t\t\t\t<\/div>\n\t\t\t\t<\/div>\n\t\t\t\t\t<\/div>\n\t\t\t\t<\/div>\n\t\t\t\t<\/div>","protected":false},"excerpt":{"rendered":"<p>Que signifie RGE ? RGE signifie \u00ab Reconnu Garant de l\u2019Environnement \u00bb. C\u2019est un label officiel d\u00e9livr\u00e9 par l\u2019\u00c9tat fran\u00e7ais [&hellip;]<\/p>\n","protected":false},"author":1,"featured_media":0,"parent":0,"menu_order":0,"comment_status":"closed","ping_status":"closed","template":"","meta":{"site-sidebar-layout":"no-sidebar","site-content-layout":"page-builder","ast-site-content-layout":"full-width-container","site-content-style":"unboxed","site-sidebar-style":"unboxed","ast-global-header-display":"","ast-banner-title-visibility":"","ast-main-header-display":"","ast-hfb-above-header-display":"","ast-hfb-below-header-display":"","ast-hfb-mobile-header-display":"","site-post-title":"disabled","ast-breadcrumbs-content":"","ast-featured-img":"disabled","footer-sml-layout":"","ast-disable-related-posts":"","theme-transparent-header-meta":"","adv-header-id-meta":"","stick-header-meta":"","header-above-stick-meta":"","header-main-stick-meta":"","header-below-stick-meta":"","astra-migrate-meta-layouts":"set","ast-page-background-enabled":"default","ast-page-background-meta":{"desktop":{"background-color":"var(--ast-global-color-4)","background-image":"","background-repeat":"repeat","background-position":"center center","background-size":"auto","background-attachment":"scroll","background-type":"","background-media":"","overlay-type":"","overlay-color":"","overlay-opacity":"","overlay-gradient":""},"tablet":{"background-color":"","background-image":"","background-repeat":"repeat","background-position":"center center","background-size":"auto","background-attachment":"scroll","background-type":"","background-media":"","overlay-type":"","overlay-color":"","overlay-opacity":"","overlay-gradient":""},"mobile":{"background-color":"","background-image":"","background-repeat":"repeat","background-position":"center center","background-size":"auto","background-attachment":"scroll","background-type":"","background-media":"","overlay-type":"","overlay-color":"","overlay-opacity":"","overlay-gradient":""}},"ast-content-background-meta":{"desktop":{"background-color":"var(--ast-global-color-5)","background-image":"","background-repeat":"repeat","background-position":"center center","background-size":"auto","background-attachment":"scroll","background-type":"","background-media":"","overlay-type":"","overlay-color":"","overlay-opacity":"","overlay-gradient":""},"tablet":{"background-color":"var(--ast-global-color-5)","background-image":"","background-repeat":"repeat","background-position":"center center","background-size":"auto","background-attachment":"scroll","background-type":"","background-media":"","overlay-type":"","overlay-color":"","overlay-opacity":"","overlay-gradient":""},"mobile":{"background-color":"var(--ast-global-color-5)","background-image":"","background-repeat":"repeat","background-position":"center center","background-size":"auto","background-attachment":"scroll","background-type":"","background-media":"","overlay-type":"","overlay-color":"","overlay-opacity":"","overlay-gradient":""}},"footnotes":""},"class_list":["post-2621","page","type-page","status-publish","hentry"],"_links":{"self":[{"href":"https:\/\/wp.axid-system.com\/en\/wp-json\/wp\/v2\/pages\/2621","targetHints":{"allow":["GET"]}}],"collection":[{"href":"https:\/\/wp.axid-system.com\/en\/wp-json\/wp\/v2\/pages"}],"about":[{"href":"https:\/\/wp.axid-system.com\/en\/wp-json\/wp\/v2\/types\/page"}],"author":[{"embeddable":true,"href":"https:\/\/wp.axid-system.com\/en\/wp-json\/wp\/v2\/users\/1"}],"replies":[{"embeddable":true,"href":"https:\/\/wp.axid-system.com\/en\/wp-json\/wp\/v2\/comments?post=2621"}],"version-history":[{"count":122,"href":"https:\/\/wp.axid-system.com\/en\/wp-json\/wp\/v2\/pages\/2621\/revisions"}],"predecessor-version":[{"id":3596,"href":"https:\/\/wp.axid-system.com\/en\/wp-json\/wp\/v2\/pages\/2621\/revisions\/3596"}],"wp:attachment":[{"href":"https:\/\/wp.axid-system.com\/en\/wp-json\/wp\/v2\/media?parent=2621"}],"curies":[{"name":"wp","href":"https:\/\/api.w.org\/{rel}","templated":true}]}}