{"id":2039,"date":"2025-08-20T12:14:21","date_gmt":"2025-08-20T12:14:21","guid":{"rendered":"https:\/\/wp.axid-system.com\/?page_id=2039"},"modified":"2025-11-21T10:33:50","modified_gmt":"2025-11-21T10:33:50","slug":"exemples-de-projets","status":"publish","type":"page","link":"https:\/\/wp.axid-system.com\/en\/exemples-de-projets\/","title":{"rendered":"Electricit\u00e9 industrielle"},"content":{"rendered":"<div data-elementor-type=\"wp-page\" data-elementor-id=\"2039\" class=\"elementor elementor-2039\">\n\t\t\t\t<div class=\"elementor-element elementor-element-777202b e-flex e-con-boxed e-con e-parent\" data-id=\"777202b\" data-element_type=\"container\">\n\t\t\t\t\t<div class=\"e-con-inner\">\n\t\t<div class=\"elementor-element elementor-element-02ff483 e-con-full e-flex e-con e-child\" data-id=\"02ff483\" data-element_type=\"container\">\n\t\t\t\t<div class=\"elementor-element elementor-element-52c5604 elementor-widget elementor-widget-heading\" data-id=\"52c5604\" data-element_type=\"widget\" data-widget_type=\"heading.default\">\n\t\t\t\t\t<span class=\"elementor-heading-title elementor-size-default\">Discover our full range of services<\/span>\t\t\t\t<\/div>\n\t\t\t\t<div class=\"elementor-element elementor-element-6ac37e7 elementor-widget elementor-widget-heading\" data-id=\"6ac37e7\" data-element_type=\"widget\" data-widget_type=\"heading.default\">\n\t\t\t\t\t<h1 class=\"elementor-heading-title elementor-size-default\">Electriciens experts<\/h1>\t\t\t\t<\/div>\n\t\t\t\t<div class=\"elementor-element elementor-element-29d9c94 elementor-widget elementor-widget-heading\" data-id=\"29d9c94\" data-element_type=\"widget\" data-widget_type=\"heading.default\">\n\t\t\t\t\t<h2 class=\"elementor-heading-title elementor-size-default\">(Pour particuliers et industriels)<br><\/h2>\t\t\t\t<\/div>\n\t\t\t\t<\/div>\n\t\t<div class=\"elementor-element elementor-element-90538b5 e-con-full e-flex e-con e-child\" data-id=\"90538b5\" data-element_type=\"container\">\n\t\t\t\t<div class=\"elementor-element elementor-element-f5e09c1 elementor-widget elementor-widget-image\" data-id=\"f5e09c1\" data-element_type=\"widget\" data-widget_type=\"image.default\">\n\t\t\t\t\t\t\t\t\t\t\t\t\t\t\t<img fetchpriority=\"high\" decoding=\"async\" width=\"1599\" height=\"899\" src=\"https:\/\/wp.axid-system.com\/wp-content\/uploads\/2025\/11\/ALBS6112.webp\" class=\"attachment-full size-full wp-image-3732 not-transparent\" alt=\"\" srcset=\"https:\/\/wp.axid-system.com\/wp-content\/uploads\/2025\/11\/ALBS6112.webp 1599w, https:\/\/wp.axid-system.com\/wp-content\/uploads\/2025\/11\/ALBS6112-300x169.webp 300w, https:\/\/wp.axid-system.com\/wp-content\/uploads\/2025\/11\/ALBS6112-1024x576.webp 1024w, https:\/\/wp.axid-system.com\/wp-content\/uploads\/2025\/11\/ALBS6112-768x432.webp 768w, https:\/\/wp.axid-system.com\/wp-content\/uploads\/2025\/11\/ALBS6112-1536x864.webp 1536w, https:\/\/wp.axid-system.com\/wp-content\/uploads\/2025\/11\/ALBS6112-18x10.webp 18w\" sizes=\"(max-width: 1599px) 100vw, 1599px\" data-has-transparency=\"false\" data-dominant-color=\"937965\" style=\"--dominant-color: #937965\" \/>\t\t\t\t\t\t\t\t\t\t\t\t\t\t\t<\/div>\n\t\t\t\t<\/div>\n\t\t\t\t\t<\/div>\n\t\t\t\t<\/div>\n\t\t<div class=\"elementor-element elementor-element-6bc57de e-grid e-con-boxed e-con e-parent\" data-id=\"6bc57de\" data-element_type=\"container\" data-settings=\"{&quot;background_background&quot;:&quot;classic&quot;}\">\n\t\t\t\t\t<div class=\"e-con-inner\">\n\t\t<div class=\"elementor-element elementor-element-19a0c90 e-con-full e-flex e-con e-child\" data-id=\"19a0c90\" data-element_type=\"container\">\n\t\t\t\t<div class=\"elementor-element elementor-element-b0d0778 elementor-widget elementor-widget-heading\" data-id=\"b0d0778\" data-element_type=\"widget\" data-widget_type=\"heading.default\">\n\t\t\t\t\t<span class=\"elementor-heading-title elementor-size-default\">01<\/span>\t\t\t\t<\/div>\n\t\t\t\t<div class=\"elementor-element elementor-element-67d69b9 elementor-widget__width-initial elementor-widget elementor-widget-icon-box\" data-id=\"67d69b9\" data-element_type=\"widget\" data-widget_type=\"icon-box.default\">\n\t\t\t\t\t\t\t<div class=\"elementor-icon-box-wrapper\">\n\n\t\t\t\n\t\t\t\t\t\t<div class=\"elementor-icon-box-content\">\n\n\t\t\t\t\t\t\t\t\t<h3 class=\"elementor-icon-box-title\">\n\t\t\t\t\t\t<span  >\n\t\t\t\t\t\t\tHangard Industriel et Agricole\t\t\t\t\t\t<\/span>\n\t\t\t\t\t<\/h3>\n\t\t\t\t\n\t\t\t\t\t\t\t\t\t<p class=\"elementor-icon-box-description\">\n\t\t\t\t\t\tNous r\u00e9alisons tous types d'installations \u00e9lectriques industrielles et agricoles <br>  <br> <br>  <br>   <br> \t\t\t\t\t<\/p>\n\t\t\t\t\n\t\t\t<\/div>\n\t\t\t\n\t\t<\/div>\n\t\t\t\t\t\t<\/div>\n\t\t\t\t<\/div>\n\t\t<div class=\"elementor-element elementor-element-13553f8 e-con-full e-flex e-con e-child\" data-id=\"13553f8\" data-element_type=\"container\">\n\t\t\t\t<div class=\"elementor-element elementor-element-7d1fe41 elementor-widget elementor-widget-heading\" data-id=\"7d1fe41\" data-element_type=\"widget\" data-widget_type=\"heading.default\">\n\t\t\t\t\t<span class=\"elementor-heading-title elementor-size-default\">02<\/span>\t\t\t\t<\/div>\n\t\t\t\t<div class=\"elementor-element elementor-element-6e947a0 elementor-widget elementor-widget-icon-box\" data-id=\"6e947a0\" data-element_type=\"widget\" data-widget_type=\"icon-box.default\">\n\t\t\t\t\t\t\t<div class=\"elementor-icon-box-wrapper\">\n\n\t\t\t\n\t\t\t\t\t\t<div class=\"elementor-icon-box-content\">\n\n\t\t\t\t\t\t\t\t\t<h3 class=\"elementor-icon-box-title\">\n\t\t\t\t\t\t<span  >\n\t\t\t\t\t\t\tBureau de Controle et Consuel\t\t\t\t\t\t<\/span>\n\t\t\t\t\t<\/h3>\n\t\t\t\t\n\t\t\t\t\t\t\t\t\t<p class=\"elementor-icon-box-description\">\n\t\t\t\t\t\tNous nous occupons de faire v\u00e9rifier nos installations \u00e9lectriques industrielles et agricoles par un bureau de contr\u00f4le, et nous constituons le dossier pour obtenir le Consuel <br><br><br>\t\t\t\t\t<\/p>\n\t\t\t\t\n\t\t\t<\/div>\n\t\t\t\n\t\t<\/div>\n\t\t\t\t\t\t<\/div>\n\t\t\t\t<\/div>\n\t\t<div class=\"elementor-element elementor-element-b96cc75 e-con-full e-flex e-con e-child\" data-id=\"b96cc75\" data-element_type=\"container\">\n\t\t\t\t<div class=\"elementor-element elementor-element-356169c elementor-widget elementor-widget-heading\" data-id=\"356169c\" data-element_type=\"widget\" data-widget_type=\"heading.default\">\n\t\t\t\t\t<span class=\"elementor-heading-title elementor-size-default\">03<\/span>\t\t\t\t<\/div>\n\t\t\t\t<div class=\"elementor-element elementor-element-dae58ca elementor-widget elementor-widget-icon-box\" data-id=\"dae58ca\" data-element_type=\"widget\" data-widget_type=\"icon-box.default\">\n\t\t\t\t\t\t\t<div class=\"elementor-icon-box-wrapper\">\n\n\t\t\t\n\t\t\t\t\t\t<div class=\"elementor-icon-box-content\">\n\n\t\t\t\t\t\t\t\t\t<h3 class=\"elementor-icon-box-title\">\n\t\t\t\t\t\t<span  >\n\t\t\t\t\t\t\tContrat de maintenance\t\t\t\t\t\t<\/span>\n\t\t\t\t\t<\/h3>\n\t\t\t\t\n\t\t\t\t\t\t\t\t\t<p class=\"elementor-icon-box-description\">\n\t\t\t\t\t\tNous sommes en mesure de vous offrir un contrat de maintenance pour assurer le suivi apr\u00e8s la r\u00e9alisation de vos installations. <br><br><br><br>\t\t\t\t\t<\/p>\n\t\t\t\t\n\t\t\t<\/div>\n\t\t\t\n\t\t<\/div>\n\t\t\t\t\t\t<\/div>\n\t\t\t\t<\/div>\n\t\t<div class=\"elementor-element elementor-element-53dbdf7 e-con-full e-flex e-con e-child\" data-id=\"53dbdf7\" data-element_type=\"container\">\n\t\t\t\t<div class=\"elementor-element elementor-element-ea8b12c elementor-widget elementor-widget-image\" data-id=\"ea8b12c\" data-element_type=\"widget\" data-widget_type=\"image.default\">\n\t\t\t\t\t\t\t\t\t\t\t\t\t\t\t<img decoding=\"async\" width=\"566\" height=\"431\" data-src=\"https:\/\/wp.axid-system.com\/wp-content\/uploads\/2025\/08\/ingenieur_original.jpg\" class=\"attachment-large size-large wp-image-37 lazyload\" alt=\"\" data-srcset=\"https:\/\/wp.axid-system.com\/wp-content\/uploads\/2025\/08\/ingenieur_original.jpg 566w, https:\/\/wp.axid-system.com\/wp-content\/uploads\/2025\/08\/ingenieur_original-300x228.jpg 300w, https:\/\/wp.axid-system.com\/wp-content\/uploads\/2025\/08\/elementor\/thumbs\/ingenieur_original-rah9g7mfx5vrdjn7j0wk5ggglgn5jybz2brtkgmne2.jpg 400w\" data-sizes=\"(max-width: 566px) 100vw, 566px\" src=\"data:image\/svg+xml;base64,PHN2ZyB3aWR0aD0iMSIgaGVpZ2h0PSIxIiB4bWxucz0iaHR0cDovL3d3dy53My5vcmcvMjAwMC9zdmciPjwvc3ZnPg==\" style=\"--smush-placeholder-width: 566px; --smush-placeholder-aspect-ratio: 566\/431;\" \/>\t\t\t\t\t\t\t\t\t\t\t\t\t\t\t<\/div>\n\t\t\t\t<\/div>\n\t\t<div class=\"elementor-element elementor-element-9acb304 e-con-full e-flex e-con e-child\" data-id=\"9acb304\" data-element_type=\"container\">\n\t\t\t\t<div class=\"elementor-element elementor-element-92e2b9c elementor-widget elementor-widget-image\" data-id=\"92e2b9c\" data-element_type=\"widget\" data-widget_type=\"image.default\">\n\t\t\t\t\t\t\t\t\t\t\t\t\t\t\t<img decoding=\"async\" width=\"300\" height=\"190\" src=\"https:\/\/wp.axid-system.com\/wp-content\/uploads\/2025\/10\/administratif-panneaux-photovoltaiques.avif\" class=\"attachment-medium size-medium wp-image-3198\" alt=\"\" \/>\t\t\t\t\t\t\t\t\t\t\t\t\t\t\t<\/div>\n\t\t\t\t<\/div>\n\t\t<div class=\"elementor-element elementor-element-1822b42 e-con-full e-flex e-con e-child\" data-id=\"1822b42\" data-element_type=\"container\">\n\t\t\t\t<div class=\"elementor-element elementor-element-8e5b240 elementor-widget elementor-widget-image\" data-id=\"8e5b240\" data-element_type=\"widget\" data-widget_type=\"image.default\">\n\t\t\t\t\t\t\t\t\t\t\t\t\t\t\t<img decoding=\"async\" data-src=\"https:\/\/wp.axid-system.com\/wp-content\/uploads\/elementor\/thumbs\/electricite-1-rcyk3dv5w9np0xgv48dc5lw0v24vzy6t2nj4bwsn3e.webp\" title=\"electricite\" alt=\"electricite\" src=\"data:image\/svg+xml;base64,PHN2ZyB3aWR0aD0iMSIgaGVpZ2h0PSIxIiB4bWxucz0iaHR0cDovL3d3dy53My5vcmcvMjAwMC9zdmciPjwvc3ZnPg==\" class=\"lazyload\" style=\"--smush-placeholder-width: 400px; --smush-placeholder-aspect-ratio: 400\/305;\" \/>\t\t\t\t\t\t\t\t\t\t\t\t\t\t\t<\/div>\n\t\t\t\t<\/div>\n\t\t\t\t\t<\/div>\n\t\t\t\t<\/div>\n\t\t<div class=\"elementor-element elementor-element-898036f e-flex e-con-boxed e-con e-parent\" data-id=\"898036f\" data-element_type=\"container\">\n\t\t\t\t\t<div class=\"e-con-inner\">\n\t\t\t\t<div class=\"elementor-element elementor-element-da944fd elementor-widget elementor-widget-spacer\" data-id=\"da944fd\" data-element_type=\"widget\" data-widget_type=\"spacer.default\">\n\t\t\t\t\t\t\t<div class=\"elementor-spacer\">\n\t\t\t<div class=\"elementor-spacer-inner\"><\/div>\n\t\t<\/div>\n\t\t\t\t\t\t<\/div>\n\t\t\t\t\t<\/div>\n\t\t\t\t<\/div>\n\t\t<div class=\"elementor-element elementor-element-e0d75ed e-flex e-con-boxed e-con e-parent\" data-id=\"e0d75ed\" data-element_type=\"container\" data-settings=\"{&quot;background_background&quot;:&quot;classic&quot;}\">\n\t\t\t\t\t<div class=\"e-con-inner\">\n\t\t\t\t<div class=\"elementor-element elementor-element-9c09918 elementor-widget elementor-widget-spacer\" data-id=\"9c09918\" data-element_type=\"widget\" data-widget_type=\"spacer.default\">\n\t\t\t\t\t\t\t<div class=\"elementor-spacer\">\n\t\t\t<div class=\"elementor-spacer-inner\"><\/div>\n\t\t<\/div>\n\t\t\t\t\t\t<\/div>\n\t\t\t\t<div class=\"elementor-element elementor-element-68c3b82 elementor-widget-divider--view-line elementor-widget elementor-widget-divider\" data-id=\"68c3b82\" data-element_type=\"widget\" data-widget_type=\"divider.default\">\n\t\t\t\t\t\t\t<div class=\"elementor-divider\">\n\t\t\t<span class=\"elementor-divider-separator\">\n\t\t\t\t\t\t<\/span>\n\t\t<\/div>\n\t\t\t\t\t\t<\/div>\n\t\t<div class=\"elementor-element elementor-element-4114ab6 e-con-full e-flex e-con e-child\" data-id=\"4114ab6\" data-element_type=\"container\">\n\t\t\t\t<\/div>\n\t\t\t\t\t<\/div>\n\t\t\t\t<\/div>\n\t\t<div class=\"elementor-element elementor-element-975d17e e-flex e-con-boxed e-con e-parent\" data-id=\"975d17e\" data-element_type=\"container\" data-settings=\"{&quot;background_background&quot;:&quot;classic&quot;}\">\n\t\t\t\t\t<div class=\"e-con-inner\">\n\t\t<div class=\"elementor-element elementor-element-f483aea e-con-full e-flex e-con e-child\" data-id=\"f483aea\" data-element_type=\"container\" data-settings=\"{&quot;background_background&quot;:&quot;classic&quot;}\">\n\t\t\t\t<div class=\"elementor-element elementor-element-e5bd030 elementor-widget elementor-widget-heading\" data-id=\"e5bd030\" data-element_type=\"widget\" data-widget_type=\"heading.default\">\n\t\t\t\t\t<span class=\"elementor-heading-title elementor-size-default\">Ready to get started?<\/span>\t\t\t\t<\/div>\n\t\t\t\t<div class=\"elementor-element elementor-element-c1246ba elementor-widget elementor-widget-icon-box\" data-id=\"c1246ba\" data-element_type=\"widget\" data-widget_type=\"icon-box.default\">\n\t\t\t\t\t\t\t<div class=\"elementor-icon-box-wrapper\">\n\n\t\t\t\n\t\t\t\t\t\t<div class=\"elementor-icon-box-content\">\n\n\t\t\t\t\t\t\t\t\t<h3 class=\"elementor-icon-box-title\">\n\t\t\t\t\t\t<span  >\n\t\t\t\t\t\t\tContactez-nous pour \u00e9changer sur vos projets en \u00e9l\u00e9ctricit\u00e9.\t\t\t\t\t\t<\/span>\n\t\t\t\t\t<\/h3>\n\t\t\t\t\n\t\t\t\t\n\t\t\t<\/div>\n\t\t\t\n\t\t<\/div>\n\t\t\t\t\t\t<\/div>\n\t\t\t\t<\/div>\n\t\t\t\t\t<\/div>\n\t\t\t\t<\/div>\n\t\t\t\t<\/div>","protected":false},"excerpt":{"rendered":"<p>D\u00e9couvrez notre gamme compl\u00e8te de services Electriciens experts (Pour particuliers et industriels) 01 Hangard Industriel et Agricole Nous r\u00e9alisons tous [&hellip;]<\/p>\n","protected":false},"author":1,"featured_media":0,"parent":0,"menu_order":0,"comment_status":"closed","ping_status":"closed","template":"","meta":{"site-sidebar-layout":"no-sidebar","site-content-layout":"page-builder","ast-site-content-layout":"full-width-container","site-content-style":"unboxed","site-sidebar-style":"unboxed","ast-global-header-display":"","ast-banner-title-visibility":"","ast-main-header-display":"","ast-hfb-above-header-display":"","ast-hfb-below-header-display":"","ast-hfb-mobile-header-display":"","site-post-title":"disabled","ast-breadcrumbs-content":"","ast-featured-img":"disabled","footer-sml-layout":"","ast-disable-related-posts":"","theme-transparent-header-meta":"","adv-header-id-meta":"","stick-header-meta":"","header-above-stick-meta":"","header-main-stick-meta":"","header-below-stick-meta":"","astra-migrate-meta-layouts":"set","ast-page-background-enabled":"default","ast-page-background-meta":{"desktop":{"background-color":"var(--ast-global-color-4)","background-image":"","background-repeat":"repeat","background-position":"center center","background-size":"auto","background-attachment":"scroll","background-type":"","background-media":"","overlay-type":"","overlay-color":"","overlay-opacity":"","overlay-gradient":""},"tablet":{"background-color":"","background-image":"","background-repeat":"repeat","background-position":"center center","background-size":"auto","background-attachment":"scroll","background-type":"","background-media":"","overlay-type":"","overlay-color":"","overlay-opacity":"","overlay-gradient":""},"mobile":{"background-color":"","background-image":"","background-repeat":"repeat","background-position":"center center","background-size":"auto","background-attachment":"scroll","background-type":"","background-media":"","overlay-type":"","overlay-color":"","overlay-opacity":"","overlay-gradient":""}},"ast-content-background-meta":{"desktop":{"background-color":"var(--ast-global-color-5)","background-image":"","background-repeat":"repeat","background-position":"center center","background-size":"auto","background-attachment":"scroll","background-type":"","background-media":"","overlay-type":"","overlay-color":"","overlay-opacity":"","overlay-gradient":""},"tablet":{"background-color":"var(--ast-global-color-5)","background-image":"","background-repeat":"repeat","background-position":"center center","background-size":"auto","background-attachment":"scroll","background-type":"","background-media":"","overlay-type":"","overlay-color":"","overlay-opacity":"","overlay-gradient":""},"mobile":{"background-color":"var(--ast-global-color-5)","background-image":"","background-repeat":"repeat","background-position":"center center","background-size":"auto","background-attachment":"scroll","background-type":"","background-media":"","overlay-type":"","overlay-color":"","overlay-opacity":"","overlay-gradient":""}},"footnotes":""},"class_list":["post-2039","page","type-page","status-publish","hentry"],"_links":{"self":[{"href":"https:\/\/wp.axid-system.com\/en\/wp-json\/wp\/v2\/pages\/2039","targetHints":{"allow":["GET"]}}],"collection":[{"href":"https:\/\/wp.axid-system.com\/en\/wp-json\/wp\/v2\/pages"}],"about":[{"href":"https:\/\/wp.axid-system.com\/en\/wp-json\/wp\/v2\/types\/page"}],"author":[{"embeddable":true,"href":"https:\/\/wp.axid-system.com\/en\/wp-json\/wp\/v2\/users\/1"}],"replies":[{"embeddable":true,"href":"https:\/\/wp.axid-system.com\/en\/wp-json\/wp\/v2\/comments?post=2039"}],"version-history":[{"count":193,"href":"https:\/\/wp.axid-system.com\/en\/wp-json\/wp\/v2\/pages\/2039\/revisions"}],"predecessor-version":[{"id":3744,"href":"https:\/\/wp.axid-system.com\/en\/wp-json\/wp\/v2\/pages\/2039\/revisions\/3744"}],"wp:attachment":[{"href":"https:\/\/wp.axid-system.com\/en\/wp-json\/wp\/v2\/media?parent=2039"}],"curies":[{"name":"wp","href":"https:\/\/api.w.org\/{rel}","templated":true}]}}